{"id":9941,"date":"2024-03-06T23:07:12","date_gmt":"2024-03-06T22:07:12","guid":{"rendered":"https:\/\/www.promotio.sk\/shop\/nezaraden\u00e9\/budan\/"},"modified":"2024-03-06T23:08:03","modified_gmt":"2024-03-06T22:08:03","slug":"budan","status":"publish","type":"product","link":"https:\/\/www.promotio.sk\/sk\/shop\/promo-items\/home_gifts\/keyrings\/budan\/","title":{"rendered":"BUD\u00c1N"},"content":{"rendered":"<p>Pr\u00edvesok na k\u013e\u00fa\u010de z pr\u00edrodn\u00e9ho dreva s kovov\u00fdm kr\u00fa\u017ekom.<br \/>\n<br \/>Zlo\u017eenie: drevo a kov.<br \/>Pozn\u00e1mky: Dva dizajny: Okr\u00fahle (0,5 x 5 cm) a ov\u00e1lne (3,5 x 6 x 0,5 cm). Rozmery, tvar a dotyk sa m\u00f4\u017eu l\u00ed\u0161i\u0165 v z\u00e1vislosti od povahy samotn\u00e9ho produktu.<br \/>\n\u0160peci\u00e1lne pre laserov\u00e9 grav\u00edrovanie.<\/p>","protected":false},"excerpt":{"rendered":"<p>Natural wood cut keyring with metal ring. Composition: Wood and metal.Remarks: Two designs: Round (0.5 x 5 cm) and oval<\/p>","protected":false},"featured_media":9942,"comment_status":"open","ping_status":"closed","template":"","meta":[],"product_cat":[251,253],"product_tag":[],"class_list":{"0":"post-9941","1":"product","2":"type-product","3":"status-publish","4":"has-post-thumbnail","6":"product_cat-home_gifts","7":"product_cat-keyrings","9":"first","10":"instock","11":"shipping-taxable","12":"purchasable","13":"product-type-variable"},"_links":{"self":[{"href":"https:\/\/www.promotio.sk\/sk\/wp-json\/wp\/v2\/product\/9941","targetHints":{"allow":["GET"]}}],"collection":[{"href":"https:\/\/www.promotio.sk\/sk\/wp-json\/wp\/v2\/product"}],"about":[{"href":"https:\/\/www.promotio.sk\/sk\/wp-json\/wp\/v2\/types\/product"}],"replies":[{"embeddable":true,"href":"https:\/\/www.promotio.sk\/sk\/wp-json\/wp\/v2\/comments?post=9941"}],"wp:featuredmedia":[{"embeddable":true,"href":"https:\/\/www.promotio.sk\/sk\/wp-json\/wp\/v2\/media\/9942"}],"wp:attachment":[{"href":"https:\/\/www.promotio.sk\/sk\/wp-json\/wp\/v2\/media?parent=9941"}],"wp:term":[{"taxonomy":"product_cat","embeddable":true,"href":"https:\/\/www.promotio.sk\/sk\/wp-json\/wp\/v2\/product_cat?post=9941"},{"taxonomy":"product_tag","embeddable":true,"href":"https:\/\/www.promotio.sk\/sk\/wp-json\/wp\/v2\/product_tag?post=9941"}],"curies":[{"name":"wp","href":"https:\/\/api.w.org\/{rel}","templated":true}]}}