{"id":9939,"date":"2024-03-06T23:07:07","date_gmt":"2024-03-06T22:07:07","guid":{"rendered":"https:\/\/www.promotio.sk\/shop\/nezaraden\u00e9\/hibis\/"},"modified":"2024-03-06T23:07:55","modified_gmt":"2024-03-06T22:07:55","slug":"hibis","status":"publish","type":"product","link":"https:\/\/www.promotio.sk\/sk\/shop\/promo-items\/home_gifts\/keyrings\/hibis\/","title":{"rendered":"HIBIS"},"content":{"rendered":"<p>Klasick\u00fd pr\u00edvesok na k\u013e\u00fa\u010de z pr\u00edrodn\u00e9ho korku s kovov\u00fdm kr\u00fa\u017ekom.<br \/>Zlo\u017eenie: korok a kov.<br \/>Pozn\u00e1mky: Dva dizajny: Obd\u013a\u017enikov\u00e9 (3,9 x 5 x 0,6 cm) a okr\u00fahle (0,6 x 4,9 cm).<br \/>\nDod\u00e1van\u00e9 vo vrecku s bielou lepenkou.<\/p>","protected":false},"excerpt":{"rendered":"<p>Classic natural cork keyring with metal ring.Composition: Cork and metal.Remarks: Two designs: Rectangular (3.9 x 5 x 0.6 cm) and<\/p>","protected":false},"featured_media":9940,"comment_status":"open","ping_status":"closed","template":"","meta":[],"product_cat":[251,253],"product_tag":[],"class_list":{"0":"post-9939","1":"product","2":"type-product","3":"status-publish","4":"has-post-thumbnail","6":"product_cat-home_gifts","7":"product_cat-keyrings","9":"first","10":"instock","11":"shipping-taxable","12":"purchasable","13":"product-type-variable"},"_links":{"self":[{"href":"https:\/\/www.promotio.sk\/sk\/wp-json\/wp\/v2\/product\/9939","targetHints":{"allow":["GET"]}}],"collection":[{"href":"https:\/\/www.promotio.sk\/sk\/wp-json\/wp\/v2\/product"}],"about":[{"href":"https:\/\/www.promotio.sk\/sk\/wp-json\/wp\/v2\/types\/product"}],"replies":[{"embeddable":true,"href":"https:\/\/www.promotio.sk\/sk\/wp-json\/wp\/v2\/comments?post=9939"}],"wp:featuredmedia":[{"embeddable":true,"href":"https:\/\/www.promotio.sk\/sk\/wp-json\/wp\/v2\/media\/9940"}],"wp:attachment":[{"href":"https:\/\/www.promotio.sk\/sk\/wp-json\/wp\/v2\/media?parent=9939"}],"wp:term":[{"taxonomy":"product_cat","embeddable":true,"href":"https:\/\/www.promotio.sk\/sk\/wp-json\/wp\/v2\/product_cat?post=9939"},{"taxonomy":"product_tag","embeddable":true,"href":"https:\/\/www.promotio.sk\/sk\/wp-json\/wp\/v2\/product_tag?post=9939"}],"curies":[{"name":"wp","href":"https:\/\/api.w.org\/{rel}","templated":true}]}}