{"id":9883,"date":"2024-03-06T23:03:53","date_gmt":"2024-03-06T22:03:53","guid":{"rendered":"https:\/\/www.promotio.sk\/shop\/nezaraden\u00e9\/luxor\/"},"modified":"2024-03-06T23:04:37","modified_gmt":"2024-03-06T22:04:37","slug":"luxor","status":"publish","type":"product","link":"https:\/\/www.promotio.sk\/sk\/shop\/promo-items\/home_gifts\/keyrings\/luxor\/","title":{"rendered":"LUXOR"},"content":{"rendered":"<p>K\u013e\u00fa\u010denka z recyklovanej ko\u017ee v dvoch prevedeniach s kovov\u00fdm kr\u00fa\u017ekom.<br \/>Zlo\u017eenie: Piel reciclada<br \/>Pozn\u00e1mky: Medidas:<br \/>\n- Obd\u013a\u017enikov\u00e9: 8,5 x 2,5 x 0,5 cm<br \/>\n- Redondo: 6,8 x 4 x 0,5 cm<\/p>","protected":false},"excerpt":{"rendered":"<p>Recycled leather keyring in two designs, with metallic ring.Composition: Piel recicladaRemarks: Medidas: &#8211; Rectangular: 8,5 x 2,5 x 0,5cm &#8211;<\/p>","protected":false},"featured_media":9884,"comment_status":"open","ping_status":"closed","template":"","meta":[],"product_cat":[251,253],"product_tag":[],"class_list":{"0":"post-9883","1":"product","2":"type-product","3":"status-publish","4":"has-post-thumbnail","6":"product_cat-home_gifts","7":"product_cat-keyrings","9":"first","10":"instock","11":"shipping-taxable","12":"purchasable","13":"product-type-variable"},"_links":{"self":[{"href":"https:\/\/www.promotio.sk\/sk\/wp-json\/wp\/v2\/product\/9883","targetHints":{"allow":["GET"]}}],"collection":[{"href":"https:\/\/www.promotio.sk\/sk\/wp-json\/wp\/v2\/product"}],"about":[{"href":"https:\/\/www.promotio.sk\/sk\/wp-json\/wp\/v2\/types\/product"}],"replies":[{"embeddable":true,"href":"https:\/\/www.promotio.sk\/sk\/wp-json\/wp\/v2\/comments?post=9883"}],"wp:featuredmedia":[{"embeddable":true,"href":"https:\/\/www.promotio.sk\/sk\/wp-json\/wp\/v2\/media\/9884"}],"wp:attachment":[{"href":"https:\/\/www.promotio.sk\/sk\/wp-json\/wp\/v2\/media?parent=9883"}],"wp:term":[{"taxonomy":"product_cat","embeddable":true,"href":"https:\/\/www.promotio.sk\/sk\/wp-json\/wp\/v2\/product_cat?post=9883"},{"taxonomy":"product_tag","embeddable":true,"href":"https:\/\/www.promotio.sk\/sk\/wp-json\/wp\/v2\/product_tag?post=9883"}],"curies":[{"name":"wp","href":"https:\/\/api.w.org\/{rel}","templated":true}]}}