{"id":9868,"date":"2024-03-06T23:03:09","date_gmt":"2024-03-06T22:03:09","guid":{"rendered":"https:\/\/www.promotio.sk\/shop\/nezaraden\u00e9\/yeste\/"},"modified":"2024-03-06T23:03:48","modified_gmt":"2024-03-06T22:03:48","slug":"yeste","status":"publish","type":"product","link":"https:\/\/www.promotio.sk\/sk\/shop\/promo-items\/home_gifts\/keyrings\/yeste\/","title":{"rendered":"\u00c1NO"},"content":{"rendered":"<p>Dreven\u00e1 k\u013e\u00fa\u010denka v dvoch prevedeniach s odolnou polyesterovou \u0161n\u00farkou. Prezent\u00e1cia v samostatnej ta\u0161ke s eko kartou.<br \/>Zlo\u017eenie: Madera<br \/>Pozn\u00e1mky: Medidas:<br \/>\n\u2013 obd\u013a\u017enikov\u00fd: 3,8\u00d70,3<br \/>\n\u2013 redondo: 0,3\u00d74,8\u00d8<\/p>","protected":false},"excerpt":{"rendered":"<p>Wooden keyring in two designs with resistant polyester cord. Presentation in individual bag with eco card.Composition: MaderaRemarks: Medidas: &#8211; rectangular:<\/p>","protected":false},"featured_media":9869,"comment_status":"open","ping_status":"closed","template":"","meta":[],"product_cat":[251,253],"product_tag":[],"class_list":{"0":"post-9868","1":"product","2":"type-product","3":"status-publish","4":"has-post-thumbnail","6":"product_cat-home_gifts","7":"product_cat-keyrings","9":"first","10":"instock","11":"shipping-taxable","12":"purchasable","13":"product-type-variable"},"_links":{"self":[{"href":"https:\/\/www.promotio.sk\/sk\/wp-json\/wp\/v2\/product\/9868","targetHints":{"allow":["GET"]}}],"collection":[{"href":"https:\/\/www.promotio.sk\/sk\/wp-json\/wp\/v2\/product"}],"about":[{"href":"https:\/\/www.promotio.sk\/sk\/wp-json\/wp\/v2\/types\/product"}],"replies":[{"embeddable":true,"href":"https:\/\/www.promotio.sk\/sk\/wp-json\/wp\/v2\/comments?post=9868"}],"wp:featuredmedia":[{"embeddable":true,"href":"https:\/\/www.promotio.sk\/sk\/wp-json\/wp\/v2\/media\/9869"}],"wp:attachment":[{"href":"https:\/\/www.promotio.sk\/sk\/wp-json\/wp\/v2\/media?parent=9868"}],"wp:term":[{"taxonomy":"product_cat","embeddable":true,"href":"https:\/\/www.promotio.sk\/sk\/wp-json\/wp\/v2\/product_cat?post=9868"},{"taxonomy":"product_tag","embeddable":true,"href":"https:\/\/www.promotio.sk\/sk\/wp-json\/wp\/v2\/product_tag?post=9868"}],"curies":[{"name":"wp","href":"https:\/\/api.w.org\/{rel}","templated":true}]}}