{"id":9859,"date":"2024-03-06T23:02:35","date_gmt":"2024-03-06T22:02:35","guid":{"rendered":"https:\/\/www.promotio.sk\/shop\/nezaraden\u00e9\/texel\/"},"modified":"2024-03-06T23:03:07","modified_gmt":"2024-03-06T22:03:07","slug":"texel","status":"publish","type":"product","link":"https:\/\/www.promotio.sk\/sk\/shop\/promo-items\/home_gifts\/keyrings\/texel\/","title":{"rendered":"TEXEL"},"content":{"rendered":"<p>Pr\u00edvesok na k\u013e\u00fa\u010de s korkovou z\u00e1tkou a kovov\u00fdm kr\u00fa\u017ekom je v\u0161estrann\u00fdm a pr\u00edrodn\u00fdm doplnkom, ktor\u00fd sp\u00e1ja funk\u010dnos\u0165 a \u0161t\u00fdl. Korkov\u00e1 z\u00e1tka mu dod\u00e1va jedine\u010dn\u00fd a organick\u00fd vzh\u013ead, zatia\u013e \u010do kovov\u00fd kr\u00fa\u017eok v\u00e1m umo\u017e\u0148uje bezpe\u010dne dr\u017ea\u0165 k\u013e\u00fa\u010de.<br \/>\nKr\u00fa\u017eok na k\u013e\u00fa\u010de s korkovou z\u00e1tkou dod\u00e1va \u0161peci\u00e1lny a v\u00fdrazn\u00fd n\u00e1dych.<br \/>\nKovov\u00fd kr\u00fa\u017eok poskytuje odolnos\u0165 a pevnos\u0165 a zais\u0165uje, \u017ee va\u0161e k\u013e\u00fa\u010de s\u00fa v\u017edy v bezpe\u010d\u00ed a pr\u00edstupn\u00e9. Jeho dizajn navy\u0161e umo\u017e\u0148uje jednoduch\u00e9 pripevnenie a odpojenie k\u013e\u00fa\u010dov, v\u010faka \u010domu je \u013eahk\u00e9 ho pou\u017e\u00edva\u0165 na dennej b\u00e1ze.<br \/>\nPr\u00edvesok na k\u013e\u00fa\u010de s korkovou z\u00e1tkou a kovov\u00fdm kr\u00fa\u017ekom je vynikaj\u00facou vo\u013ebou pre t\u00fdch, ktor\u00ed h\u013eadaj\u00fa jedine\u010dn\u00fd a ekologick\u00fd doplnok. Korok je prirodzene obnovite\u013en\u00fd a biologicky odb\u00farate\u013en\u00fd materi\u00e1l, v\u010faka \u010domu je udr\u017eate\u013enou vo\u013ebou v porovnan\u00ed s in\u00fdmi syntetick\u00fdmi materi\u00e1lmi.<br \/>Zlo\u017eenie: Corcho<\/p>","protected":false},"excerpt":{"rendered":"<p>The keyring with cork stopper and metal ring is a versatile and natural accessory that combines functionality and style. The<\/p>","protected":false},"featured_media":9860,"comment_status":"open","ping_status":"closed","template":"","meta":[],"product_cat":[251,253],"product_tag":[],"class_list":{"0":"post-9859","1":"product","2":"type-product","3":"status-publish","4":"has-post-thumbnail","6":"product_cat-home_gifts","7":"product_cat-keyrings","9":"first","10":"instock","11":"shipping-taxable","12":"purchasable","13":"product-type-variable"},"_links":{"self":[{"href":"https:\/\/www.promotio.sk\/sk\/wp-json\/wp\/v2\/product\/9859","targetHints":{"allow":["GET"]}}],"collection":[{"href":"https:\/\/www.promotio.sk\/sk\/wp-json\/wp\/v2\/product"}],"about":[{"href":"https:\/\/www.promotio.sk\/sk\/wp-json\/wp\/v2\/types\/product"}],"replies":[{"embeddable":true,"href":"https:\/\/www.promotio.sk\/sk\/wp-json\/wp\/v2\/comments?post=9859"}],"wp:featuredmedia":[{"embeddable":true,"href":"https:\/\/www.promotio.sk\/sk\/wp-json\/wp\/v2\/media\/9860"}],"wp:attachment":[{"href":"https:\/\/www.promotio.sk\/sk\/wp-json\/wp\/v2\/media?parent=9859"}],"wp:term":[{"taxonomy":"product_cat","embeddable":true,"href":"https:\/\/www.promotio.sk\/sk\/wp-json\/wp\/v2\/product_cat?post=9859"},{"taxonomy":"product_tag","embeddable":true,"href":"https:\/\/www.promotio.sk\/sk\/wp-json\/wp\/v2\/product_tag?post=9859"}],"curies":[{"name":"wp","href":"https:\/\/api.w.org\/{rel}","templated":true}]}}