{"id":9844,"date":"2024-03-06T23:01:50","date_gmt":"2024-03-06T22:01:50","guid":{"rendered":"https:\/\/www.promotio.sk\/shop\/nezaraden\u00e9\/duplex\/"},"modified":"2024-03-06T23:02:21","modified_gmt":"2024-03-06T22:02:21","slug":"duplex","status":"publish","type":"product","link":"https:\/\/www.promotio.sk\/sk\/shop\/promo-items\/home_gifts\/keyrings\/duplex\/","title":{"rendered":"DUPLEXN\u00dd"},"content":{"rendered":"<p>Pr\u00edvesok na k\u013e\u00fa\u010de v tvare dom\u010deka vyroben\u00fd z bambusu s kovov\u00fdm povrchom je o\u010daruj\u00facim a udr\u017eate\u013en\u00fdm doplnkom na \u0161t\u00fdlov\u00e9 nosenie k\u013e\u00fa\u010dov. Tvar domu dod\u00e1va jedine\u010dn\u00fd a symbolick\u00fd n\u00e1dych, ide\u00e1lny pre t\u00fdch, ktor\u00ed oce\u0148uj\u00fa koncept domova.<br \/>\nBambus pou\u017eit\u00fd pri jeho v\u00fdrobe je pr\u00edrodn\u00fd a obnovite\u013en\u00fd materi\u00e1l, zn\u00e1my svojou odolnos\u0165ou. Kombin\u00e1cia bambusu s kovov\u00fdm povrchom mu dod\u00e1va elegantn\u00fd a odoln\u00fd vzh\u013ead.<br \/>\nK\u013e\u00fa\u010denka v tvare dom\u010deka je nielen vizu\u00e1lne pr\u00ed\u0165a\u017eliv\u00e1, ale aj funk\u010dn\u00e1. Kovov\u00fd kr\u00fa\u017eok v\u00e1m umo\u017en\u00ed bezpe\u010dne zavesi\u0165 k\u013e\u00fa\u010de, aby sa nestratili. V\u010faka kompaktn\u00fdm rozmerom je praktick\u00fd a \u013eahko sa nos\u00ed vo vrecku, kabelke alebo sa zaves\u00ed na opasok nohav\u00edc.<br \/>Zlo\u017eenie: Bamb\u00fa<br \/>Pozn\u00e1mky: Presentado en bolsa individual con tarjeta eco.<\/p>","protected":false},"excerpt":{"rendered":"<p>The house-shaped keychain made of bamboo with a metal finish is a charming and sustainable accessory to carry your keys<\/p>","protected":false},"featured_media":9845,"comment_status":"open","ping_status":"closed","template":"","meta":[],"product_cat":[251,253],"product_tag":[],"class_list":{"0":"post-9844","1":"product","2":"type-product","3":"status-publish","4":"has-post-thumbnail","6":"product_cat-home_gifts","7":"product_cat-keyrings","9":"first","10":"instock","11":"shipping-taxable","12":"purchasable","13":"product-type-variable"},"_links":{"self":[{"href":"https:\/\/www.promotio.sk\/sk\/wp-json\/wp\/v2\/product\/9844","targetHints":{"allow":["GET"]}}],"collection":[{"href":"https:\/\/www.promotio.sk\/sk\/wp-json\/wp\/v2\/product"}],"about":[{"href":"https:\/\/www.promotio.sk\/sk\/wp-json\/wp\/v2\/types\/product"}],"replies":[{"embeddable":true,"href":"https:\/\/www.promotio.sk\/sk\/wp-json\/wp\/v2\/comments?post=9844"}],"wp:featuredmedia":[{"embeddable":true,"href":"https:\/\/www.promotio.sk\/sk\/wp-json\/wp\/v2\/media\/9845"}],"wp:attachment":[{"href":"https:\/\/www.promotio.sk\/sk\/wp-json\/wp\/v2\/media?parent=9844"}],"wp:term":[{"taxonomy":"product_cat","embeddable":true,"href":"https:\/\/www.promotio.sk\/sk\/wp-json\/wp\/v2\/product_cat?post=9844"},{"taxonomy":"product_tag","embeddable":true,"href":"https:\/\/www.promotio.sk\/sk\/wp-json\/wp\/v2\/product_tag?post=9844"}],"curies":[{"name":"wp","href":"https:\/\/api.w.org\/{rel}","templated":true}]}}