{"id":9842,"date":"2024-03-06T23:01:47","date_gmt":"2024-03-06T22:01:47","guid":{"rendered":"https:\/\/www.promotio.sk\/shop\/nezaraden\u00e9\/karby\/"},"modified":"2024-03-06T23:02:30","modified_gmt":"2024-03-06T22:02:30","slug":"karby","status":"publish","type":"product","link":"https:\/\/www.promotio.sk\/sk\/shop\/promo-items\/home_gifts\/keyrings\/karby\/","title":{"rendered":"KARBY"},"content":{"rendered":"<p>Obd\u013a\u017enikov\u00e1 alebo kruhov\u00e1 k\u013e\u00fa\u010denka vyroben\u00e1 z bambusu s kovov\u00fdm povrchom je elegantn\u00fdm a udr\u017eate\u013en\u00fdm doplnkom na \u0161t\u00fdlov\u00e9 nosenie k\u013e\u00fa\u010dov. Bambus pou\u017eit\u00fd pri jeho v\u00fdrobe je pr\u00edrodn\u00fd a obnovite\u013en\u00fd materi\u00e1l, zn\u00e1my svojou odolnos\u0165ou.<br \/>\nObd\u013a\u017enikov\u00fd alebo kruhov\u00fd dizajn k\u013e\u00fa\u010denky pon\u00faka klasick\u00fd a nad\u010dasov\u00fd tvar, pri\u010dom kovov\u00e1 povrchov\u00e1 \u00faprava dod\u00e1va punc sofistikovanosti. Kontrast medzi bambusom a kovom vytv\u00e1ra harmonick\u00fa a n\u00e1padn\u00fa kombin\u00e1ciu.<br \/>\nOkrem estetick\u00e9ho vzh\u013eadu je k\u013e\u00fa\u010denka aj funk\u010dn\u00e1 a odoln\u00e1. Kovov\u00fd kr\u00fa\u017eok v\u00e1m umo\u017en\u00ed bezpe\u010dne zavesi\u0165 k\u013e\u00fa\u010de, aby sa nestratili. Kompaktn\u00e1 ve\u013ekos\u0165 kr\u00fa\u017eku na k\u013e\u00fa\u010de u\u013eah\u010duje nosenie vo vrecku, kabelke alebo zavesenie na opasok nohav\u00edc.<br \/>Zlo\u017eenie: Bamb\u00fa y metal.<br \/>Pozn\u00e1mky: Stredn\u00e1 dise\u00f1o redondo: 0,4 x 4 cm Medidas dise\u00f1o cuadrado: 3,2 x 5,3 x 0,4<br \/>\nPrezentujte en bolsa individu\u00e1lne s ekologick\u00fdm tarjeta.<\/p>","protected":false},"excerpt":{"rendered":"<p>The rectangular or circular keychain made of bamboo with a metal finish is an elegant and sustainable accessory to carry<\/p>","protected":false},"featured_media":9843,"comment_status":"open","ping_status":"closed","template":"","meta":[],"product_cat":[251,253],"product_tag":[],"class_list":{"0":"post-9842","1":"product","2":"type-product","3":"status-publish","4":"has-post-thumbnail","6":"product_cat-home_gifts","7":"product_cat-keyrings","9":"first","10":"instock","11":"shipping-taxable","12":"purchasable","13":"product-type-variable"},"_links":{"self":[{"href":"https:\/\/www.promotio.sk\/sk\/wp-json\/wp\/v2\/product\/9842","targetHints":{"allow":["GET"]}}],"collection":[{"href":"https:\/\/www.promotio.sk\/sk\/wp-json\/wp\/v2\/product"}],"about":[{"href":"https:\/\/www.promotio.sk\/sk\/wp-json\/wp\/v2\/types\/product"}],"replies":[{"embeddable":true,"href":"https:\/\/www.promotio.sk\/sk\/wp-json\/wp\/v2\/comments?post=9842"}],"wp:featuredmedia":[{"embeddable":true,"href":"https:\/\/www.promotio.sk\/sk\/wp-json\/wp\/v2\/media\/9843"}],"wp:attachment":[{"href":"https:\/\/www.promotio.sk\/sk\/wp-json\/wp\/v2\/media?parent=9842"}],"wp:term":[{"taxonomy":"product_cat","embeddable":true,"href":"https:\/\/www.promotio.sk\/sk\/wp-json\/wp\/v2\/product_cat?post=9842"},{"taxonomy":"product_tag","embeddable":true,"href":"https:\/\/www.promotio.sk\/sk\/wp-json\/wp\/v2\/product_tag?post=9842"}],"curies":[{"name":"wp","href":"https:\/\/api.w.org\/{rel}","templated":true}]}}