{"id":9831,"date":"2024-03-06T23:01:11","date_gmt":"2024-03-06T22:01:11","guid":{"rendered":"https:\/\/www.promotio.sk\/shop\/nezaraden\u00e9\/gonax\/"},"modified":"2024-03-06T23:01:45","modified_gmt":"2024-03-06T22:01:45","slug":"gonax","status":"publish","type":"product","link":"https:\/\/www.promotio.sk\/sk\/shop\/promo-items\/home_gifts\/keyrings\/gonax\/","title":{"rendered":"GONAX"},"content":{"rendered":"<p>Obd\u013a\u017enikov\u00fd kr\u00fa\u017eok na k\u013e\u00fa\u010de vyroben\u00fd z plsti s energick\u00fdm dizajnom je praktick\u00fdm a udr\u017eate\u013en\u00fdm doplnkom na \u0161t\u00fdlov\u00e9 nosenie k\u013e\u00fa\u010dov. <\/p>\n<p>Obd\u013a\u017enikov\u00fd dizajn k\u013e\u00fa\u010denky pon\u00faka klasick\u00fd a elegantn\u00fd tvar, zatia\u013e \u010do r\u00e1zny dizajn dod\u00e1va n\u00e1dych text\u00fary a originality. Pls\u0165 je m\u00e4kk\u00e1 na dotyk a pevn\u00e1, \u010do zaru\u010duje optim\u00e1lnu odolnos\u0165.<br \/>\nV\u010faka kompaktn\u00fdm rozmerom sa d\u00e1 \u013eahko nosi\u0165 vo vrecku, kabelke alebo zavesi\u0165 na opasok nohav\u00edc.<\/p>\n<p>Pou\u017eitie recyklovan\u00fdch materi\u00e1lov a prezent\u00e1cia v ekologickom dizajne robia z tejto k\u013e\u00fa\u010denky vedom\u00fa a zodpovedn\u00fa vo\u013ebu. Je ide\u00e1lnym doplnkom pre t\u00fdch, ktor\u00ed chc\u00fa spoji\u0165 funk\u010dnos\u0165, \u0161t\u00fdl a z\u00e1v\u00e4zok vo\u010di \u017eivotn\u00e9mu prostrediu.<br \/>Zlo\u017eenie: Recyklovan\u00e1 pls\u0165<\/p>","protected":false},"excerpt":{"rendered":"<p>The rectangular key ring made of felt with a vigore design is a practical and sustainable accessory to carry your<\/p>","protected":false},"featured_media":9832,"comment_status":"open","ping_status":"closed","template":"","meta":[],"product_cat":[251,253],"product_tag":[],"class_list":{"0":"post-9831","1":"product","2":"type-product","3":"status-publish","4":"has-post-thumbnail","6":"product_cat-home_gifts","7":"product_cat-keyrings","9":"first","10":"instock","11":"shipping-taxable","12":"purchasable","13":"product-type-variable"},"_links":{"self":[{"href":"https:\/\/www.promotio.sk\/sk\/wp-json\/wp\/v2\/product\/9831","targetHints":{"allow":["GET"]}}],"collection":[{"href":"https:\/\/www.promotio.sk\/sk\/wp-json\/wp\/v2\/product"}],"about":[{"href":"https:\/\/www.promotio.sk\/sk\/wp-json\/wp\/v2\/types\/product"}],"replies":[{"embeddable":true,"href":"https:\/\/www.promotio.sk\/sk\/wp-json\/wp\/v2\/comments?post=9831"}],"wp:featuredmedia":[{"embeddable":true,"href":"https:\/\/www.promotio.sk\/sk\/wp-json\/wp\/v2\/media\/9832"}],"wp:attachment":[{"href":"https:\/\/www.promotio.sk\/sk\/wp-json\/wp\/v2\/media?parent=9831"}],"wp:term":[{"taxonomy":"product_cat","embeddable":true,"href":"https:\/\/www.promotio.sk\/sk\/wp-json\/wp\/v2\/product_cat?post=9831"},{"taxonomy":"product_tag","embeddable":true,"href":"https:\/\/www.promotio.sk\/sk\/wp-json\/wp\/v2\/product_tag?post=9831"}],"curies":[{"name":"wp","href":"https:\/\/api.w.org\/{rel}","templated":true}]}}