{"id":9802,"date":"2024-03-06T22:59:43","date_gmt":"2024-03-06T21:59:43","guid":{"rendered":"https:\/\/www.promotio.sk\/shop\/nezaraden\u00e9\/viza\/"},"modified":"2024-03-06T23:00:18","modified_gmt":"2024-03-06T22:00:18","slug":"viza","status":"publish","type":"product","link":"https:\/\/www.promotio.sk\/sk\/shop\/promo-items\/home_gifts\/decoration_games\/viza\/","title":{"rendered":"VIZA"},"content":{"rendered":"<p>S\u00faprava dreven\u00fdch kolkov s 10 kol\u00edkmi a 2 lopti\u010dkami. Vr\u00e1tane \u013eahko prenosn\u00e9ho bavlnen\u00e9ho vrec\u00fa\u0161ka. Prezent\u00e1cia v ekologickom dizajnovom boxe. <br \/>Zlo\u017eenie: Madera<br \/>Pozn\u00e1mky: Medidas del bolo: 19,8\u00d74,6 cm<br \/>\nPrezent\u00e1cia en caja dise\u00f1o eco.<\/p>","protected":false},"excerpt":{"rendered":"<p>S\u00faprava dreven\u00fdch kolkov s 10 kol\u00edkmi a 2 lopti\u010dkami. Vr\u00e1tane \u013eahko prenosn\u00e9ho bavlnen\u00e9ho vrec\u00fa\u0161ka. Prezent\u00e1cia v ekologickom dizajnovom boxe.<\/p>","protected":false},"featured_media":9803,"comment_status":"open","ping_status":"closed","template":"","meta":[],"product_cat":[252,251],"product_tag":[],"class_list":{"0":"post-9802","1":"product","2":"type-product","3":"status-publish","4":"has-post-thumbnail","6":"product_cat-decoration_games","7":"product_cat-home_gifts","9":"first","10":"instock","11":"shipping-taxable","12":"purchasable","13":"product-type-variable"},"_links":{"self":[{"href":"https:\/\/www.promotio.sk\/sk\/wp-json\/wp\/v2\/product\/9802","targetHints":{"allow":["GET"]}}],"collection":[{"href":"https:\/\/www.promotio.sk\/sk\/wp-json\/wp\/v2\/product"}],"about":[{"href":"https:\/\/www.promotio.sk\/sk\/wp-json\/wp\/v2\/types\/product"}],"replies":[{"embeddable":true,"href":"https:\/\/www.promotio.sk\/sk\/wp-json\/wp\/v2\/comments?post=9802"}],"wp:featuredmedia":[{"embeddable":true,"href":"https:\/\/www.promotio.sk\/sk\/wp-json\/wp\/v2\/media\/9803"}],"wp:attachment":[{"href":"https:\/\/www.promotio.sk\/sk\/wp-json\/wp\/v2\/media?parent=9802"}],"wp:term":[{"taxonomy":"product_cat","embeddable":true,"href":"https:\/\/www.promotio.sk\/sk\/wp-json\/wp\/v2\/product_cat?post=9802"},{"taxonomy":"product_tag","embeddable":true,"href":"https:\/\/www.promotio.sk\/sk\/wp-json\/wp\/v2\/product_tag?post=9802"}],"curies":[{"name":"wp","href":"https:\/\/api.w.org\/{rel}","templated":true}]}}