{"id":9761,"date":"2024-03-06T22:57:43","date_gmt":"2024-03-06T21:57:43","guid":{"rendered":"https:\/\/www.promotio.sk\/shop\/nezaraden\u00e9\/triwa\/"},"modified":"2024-03-06T22:58:18","modified_gmt":"2024-03-06T21:58:18","slug":"triwa","status":"publish","type":"product","link":"https:\/\/www.promotio.sk\/sk\/shop\/promo-items\/home_gifts\/decoration_games\/triwa\/","title":{"rendered":"TRIWA"},"content":{"rendered":"<p>Stolov\u00e1 hra Noughts and crosses vyroben\u00e1 z dreva. 9 blokov v krabici s posuvn\u00fdm vekom.<br \/>Zlo\u017eenie: Drevo<\/p>","protected":false},"excerpt":{"rendered":"<p>Noughts and crosses table game made of wood. 9 blocks presented in a box with sliding lid.Composition: Wood<\/p>","protected":false},"featured_media":9762,"comment_status":"open","ping_status":"closed","template":"","meta":[],"product_cat":[252,251],"product_tag":[],"class_list":{"0":"post-9761","1":"product","2":"type-product","3":"status-publish","4":"has-post-thumbnail","6":"product_cat-decoration_games","7":"product_cat-home_gifts","9":"first","10":"instock","11":"shipping-taxable","12":"purchasable","13":"product-type-variable"},"_links":{"self":[{"href":"https:\/\/www.promotio.sk\/sk\/wp-json\/wp\/v2\/product\/9761","targetHints":{"allow":["GET"]}}],"collection":[{"href":"https:\/\/www.promotio.sk\/sk\/wp-json\/wp\/v2\/product"}],"about":[{"href":"https:\/\/www.promotio.sk\/sk\/wp-json\/wp\/v2\/types\/product"}],"replies":[{"embeddable":true,"href":"https:\/\/www.promotio.sk\/sk\/wp-json\/wp\/v2\/comments?post=9761"}],"wp:featuredmedia":[{"embeddable":true,"href":"https:\/\/www.promotio.sk\/sk\/wp-json\/wp\/v2\/media\/9762"}],"wp:attachment":[{"href":"https:\/\/www.promotio.sk\/sk\/wp-json\/wp\/v2\/media?parent=9761"}],"wp:term":[{"taxonomy":"product_cat","embeddable":true,"href":"https:\/\/www.promotio.sk\/sk\/wp-json\/wp\/v2\/product_cat?post=9761"},{"taxonomy":"product_tag","embeddable":true,"href":"https:\/\/www.promotio.sk\/sk\/wp-json\/wp\/v2\/product_tag?post=9761"}],"curies":[{"name":"wp","href":"https:\/\/api.w.org\/{rel}","templated":true}]}}