{"id":9738,"date":"2024-03-06T22:56:28","date_gmt":"2024-03-06T21:56:28","guid":{"rendered":"https:\/\/www.promotio.sk\/shop\/nezaraden\u00e9\/rocks\/"},"modified":"2024-03-06T22:57:01","modified_gmt":"2024-03-06T21:57:01","slug":"rocks","status":"publish","type":"product","link":"https:\/\/www.promotio.sk\/sk\/shop\/promo-items\/home_gifts\/decoration_games\/rocks\/","title":{"rendered":"ROCKS"},"content":{"rendered":"<p>Sada 3 zru\u010dnostn\u00fdch hier z pr\u00edrodn\u00e9ho dreva. <br \/>Zlo\u017eenie: Pr\u00edrodn\u00e9 drevo.<br \/>Pozn\u00e1mky: Prezent\u00e1cia v drevenej krabici s priehradkami a posuvn\u00fdm vekom.<\/p>","protected":false},"excerpt":{"rendered":"<p>Set of 3 games of skill made of natural wood. Composition: Natural wood.Remarks: Presentation in a wooden box with compartments<\/p>","protected":false},"featured_media":9739,"comment_status":"open","ping_status":"closed","template":"","meta":[],"product_cat":[252,251],"product_tag":[],"class_list":{"0":"post-9738","1":"product","2":"type-product","3":"status-publish","4":"has-post-thumbnail","6":"product_cat-decoration_games","7":"product_cat-home_gifts","9":"first","10":"instock","11":"shipping-taxable","12":"purchasable","13":"product-type-variable"},"_links":{"self":[{"href":"https:\/\/www.promotio.sk\/sk\/wp-json\/wp\/v2\/product\/9738","targetHints":{"allow":["GET"]}}],"collection":[{"href":"https:\/\/www.promotio.sk\/sk\/wp-json\/wp\/v2\/product"}],"about":[{"href":"https:\/\/www.promotio.sk\/sk\/wp-json\/wp\/v2\/types\/product"}],"replies":[{"embeddable":true,"href":"https:\/\/www.promotio.sk\/sk\/wp-json\/wp\/v2\/comments?post=9738"}],"wp:featuredmedia":[{"embeddable":true,"href":"https:\/\/www.promotio.sk\/sk\/wp-json\/wp\/v2\/media\/9739"}],"wp:attachment":[{"href":"https:\/\/www.promotio.sk\/sk\/wp-json\/wp\/v2\/media?parent=9738"}],"wp:term":[{"taxonomy":"product_cat","embeddable":true,"href":"https:\/\/www.promotio.sk\/sk\/wp-json\/wp\/v2\/product_cat?post=9738"},{"taxonomy":"product_tag","embeddable":true,"href":"https:\/\/www.promotio.sk\/sk\/wp-json\/wp\/v2\/product_tag?post=9738"}],"curies":[{"name":"wp","href":"https:\/\/api.w.org\/{rel}","templated":true}]}}