{"id":9603,"date":"2024-03-06T22:48:49","date_gmt":"2024-03-06T21:48:49","guid":{"rendered":"https:\/\/www.promotio.sk\/shop\/nezaraden\u00e9\/gasly\/"},"modified":"2024-03-06T22:49:24","modified_gmt":"2024-03-06T21:49:24","slug":"gasly","status":"publish","type":"product","link":"https:\/\/www.promotio.sk\/sk\/shop\/promo-items\/home_gifts\/keyrings\/gasly\/","title":{"rendered":"PLYNN\u00dd"},"content":{"rendered":"<p>K\u013e\u00fa\u010denka s nab\u00edjac\u00edm k\u00e1blom 3 v 1. Hlavn\u00e1 kon\u0161trukcia z bambusu. Micro USB, typ C a lightning pripojenie. Nab\u00edjac\u00ed k\u00e1bel so \u0161irokou plochou pre tla\u010d.<br \/>Zlo\u017eenie: bambus<br \/>Pozn\u00e1mky: Prezent\u00e1cia v ekologickej ta\u0161ke s okienkom.<\/p>","protected":false},"excerpt":{"rendered":"<p>Keyring with 3-in-1 charging cable. Main structure in bamboo. Micro USB, Type C and lightning connection. Charging cable with wide<\/p>","protected":false},"featured_media":9604,"comment_status":"open","ping_status":"closed","template":"","meta":[],"product_cat":[251,253],"product_tag":[],"class_list":{"0":"post-9603","1":"product","2":"type-product","3":"status-publish","4":"has-post-thumbnail","6":"product_cat-home_gifts","7":"product_cat-keyrings","9":"first","10":"instock","11":"shipping-taxable","12":"purchasable","13":"product-type-variable"},"_links":{"self":[{"href":"https:\/\/www.promotio.sk\/sk\/wp-json\/wp\/v2\/product\/9603","targetHints":{"allow":["GET"]}}],"collection":[{"href":"https:\/\/www.promotio.sk\/sk\/wp-json\/wp\/v2\/product"}],"about":[{"href":"https:\/\/www.promotio.sk\/sk\/wp-json\/wp\/v2\/types\/product"}],"replies":[{"embeddable":true,"href":"https:\/\/www.promotio.sk\/sk\/wp-json\/wp\/v2\/comments?post=9603"}],"wp:featuredmedia":[{"embeddable":true,"href":"https:\/\/www.promotio.sk\/sk\/wp-json\/wp\/v2\/media\/9604"}],"wp:attachment":[{"href":"https:\/\/www.promotio.sk\/sk\/wp-json\/wp\/v2\/media?parent=9603"}],"wp:term":[{"taxonomy":"product_cat","embeddable":true,"href":"https:\/\/www.promotio.sk\/sk\/wp-json\/wp\/v2\/product_cat?post=9603"},{"taxonomy":"product_tag","embeddable":true,"href":"https:\/\/www.promotio.sk\/sk\/wp-json\/wp\/v2\/product_tag?post=9603"}],"curies":[{"name":"wp","href":"https:\/\/api.w.org\/{rel}","templated":true}]}}