{"id":9588,"date":"2024-03-06T22:48:02","date_gmt":"2024-03-06T21:48:02","guid":{"rendered":"https:\/\/www.promotio.sk\/shop\/nezaraden\u00e9\/vulco\/"},"modified":"2024-03-06T22:48:38","modified_gmt":"2024-03-06T21:48:38","slug":"vulco","status":"publish","type":"product","link":"https:\/\/www.promotio.sk\/sk\/shop\/promo-items\/home_gifts\/decoration_games\/vulco\/","title":{"rendered":"VULCO"},"content":{"rendered":"<p>Bezdr\u00f4tov\u00e1 nab\u00edja\u010dka s fotor\u00e1m\u010dekom vyroben\u00e1 z bambusu. Ide\u00e1lne pre obr\u00e1zky s rozmermi 10 x 15 cm. Kompatibiln\u00e9 so zariadeniami s bezdr\u00f4tovou technol\u00f3giou. 10 W. K\u00e1bel je s\u00fa\u010das\u0165ou balenia. <br \/>Zlo\u017eenie: bambus<br \/>Pozn\u00e1mky: Prezent\u00e1cia v ekologickom dizajnovom boxe.<br \/>\nVstup: DC 5V\/2,0 A.<br \/>\nBezdr\u00f4tov\u00fd v\u00fdkon: 10W. <\/p>","protected":false},"excerpt":{"rendered":"<p>Wireless charger with photo frame made of bamboo. Ideal for 10 x 15 cm pictures. Compatible with wireless technology devices.<\/p>","protected":false},"featured_media":9589,"comment_status":"open","ping_status":"closed","template":"","meta":[],"product_cat":[252,251],"product_tag":[],"class_list":{"0":"post-9588","1":"product","2":"type-product","3":"status-publish","4":"has-post-thumbnail","6":"product_cat-decoration_games","7":"product_cat-home_gifts","9":"first","10":"instock","11":"shipping-taxable","12":"purchasable","13":"product-type-variable"},"_links":{"self":[{"href":"https:\/\/www.promotio.sk\/sk\/wp-json\/wp\/v2\/product\/9588","targetHints":{"allow":["GET"]}}],"collection":[{"href":"https:\/\/www.promotio.sk\/sk\/wp-json\/wp\/v2\/product"}],"about":[{"href":"https:\/\/www.promotio.sk\/sk\/wp-json\/wp\/v2\/types\/product"}],"replies":[{"embeddable":true,"href":"https:\/\/www.promotio.sk\/sk\/wp-json\/wp\/v2\/comments?post=9588"}],"wp:featuredmedia":[{"embeddable":true,"href":"https:\/\/www.promotio.sk\/sk\/wp-json\/wp\/v2\/media\/9589"}],"wp:attachment":[{"href":"https:\/\/www.promotio.sk\/sk\/wp-json\/wp\/v2\/media?parent=9588"}],"wp:term":[{"taxonomy":"product_cat","embeddable":true,"href":"https:\/\/www.promotio.sk\/sk\/wp-json\/wp\/v2\/product_cat?post=9588"},{"taxonomy":"product_tag","embeddable":true,"href":"https:\/\/www.promotio.sk\/sk\/wp-json\/wp\/v2\/product_tag?post=9588"}],"curies":[{"name":"wp","href":"https:\/\/api.w.org\/{rel}","templated":true}]}}