{"id":9551,"date":"2024-03-06T22:46:01","date_gmt":"2024-03-06T21:46:01","guid":{"rendered":"https:\/\/www.promotio.sk\/shop\/nezaraden\u00e9\/rindal\/"},"modified":"2024-03-06T22:47:10","modified_gmt":"2024-03-06T21:47:10","slug":"rindal","status":"publish","type":"product","link":"https:\/\/www.promotio.sk\/sk\/shop\/promo-items\/home_gifts\/decoration_games\/rindal\/","title":{"rendered":"RINDAL"},"content":{"rendered":"<p>Osvie\u017eova\u010d vzduchu s r\u00f4znymi v\u00f4\u0148ami v sklenenej n\u00e1dobe s dreven\u00fdm uz\u00e1verom a zladenou nastavite\u013enou \u0161n\u00farkou. Kapacita 5 ml. <br \/>Pozn\u00e1mky: Prezent\u00e1cia v prieh\u013eadnej krabici.<\/p>","protected":false},"excerpt":{"rendered":"<p>Air freshener with different scents in a glass recipient with wooden cap and matching adjustable cord. 5 ml capacity. Remarks:<\/p>","protected":false},"featured_media":9552,"comment_status":"open","ping_status":"closed","template":"","meta":[],"product_cat":[252,251],"product_tag":[],"class_list":{"0":"post-9551","1":"product","2":"type-product","3":"status-publish","4":"has-post-thumbnail","6":"product_cat-decoration_games","7":"product_cat-home_gifts","9":"first","10":"instock","11":"shipping-taxable","12":"purchasable","13":"product-type-variable"},"_links":{"self":[{"href":"https:\/\/www.promotio.sk\/sk\/wp-json\/wp\/v2\/product\/9551","targetHints":{"allow":["GET"]}}],"collection":[{"href":"https:\/\/www.promotio.sk\/sk\/wp-json\/wp\/v2\/product"}],"about":[{"href":"https:\/\/www.promotio.sk\/sk\/wp-json\/wp\/v2\/types\/product"}],"replies":[{"embeddable":true,"href":"https:\/\/www.promotio.sk\/sk\/wp-json\/wp\/v2\/comments?post=9551"}],"wp:featuredmedia":[{"embeddable":true,"href":"https:\/\/www.promotio.sk\/sk\/wp-json\/wp\/v2\/media\/9552"}],"wp:attachment":[{"href":"https:\/\/www.promotio.sk\/sk\/wp-json\/wp\/v2\/media?parent=9551"}],"wp:term":[{"taxonomy":"product_cat","embeddable":true,"href":"https:\/\/www.promotio.sk\/sk\/wp-json\/wp\/v2\/product_cat?post=9551"},{"taxonomy":"product_tag","embeddable":true,"href":"https:\/\/www.promotio.sk\/sk\/wp-json\/wp\/v2\/product_tag?post=9551"}],"curies":[{"name":"wp","href":"https:\/\/api.w.org\/{rel}","templated":true}]}}