{"id":9508,"date":"2024-03-06T20:58:49","date_gmt":"2024-03-06T19:58:49","guid":{"rendered":"https:\/\/www.promotio.sk\/shop\/uncategorized\/jamie\/"},"modified":"2024-03-06T20:59:47","modified_gmt":"2024-03-06T19:59:47","slug":"jamie","status":"publish","type":"product","link":"https:\/\/www.promotio.sk\/sk\/shop\/promo-items\/kitchen\/aprons_mitts\/jamie\/","title":{"rendered":"JAMIE"},"content":{"rendered":"<p>S\u00faprava farebnej z\u00e1stery a klob\u00faka z netkanej text\u00edlie pre deti. Nastavite\u013en\u00e1 jedna ve\u013ekos\u0165 so zap\u00ednan\u00edm na \u010diapku na such\u00fd zips.<br \/>\n<br \/>Zlo\u017eenie: 80 gsm netkan\u00e1 text\u00edlia.<br \/>Pozn\u00e1mky: Opatrenia:<br \/>\n\u2013 Z\u00e1stera: 59,5 x 49 cm.<br \/>\n\u2013 Predn\u00e9 vrecko z\u00e1stery: 17 x 17 cm.<br \/>\n\u2013 Klob\u00fak: 30 x 20 cm.<br \/><img decoding=\"async\" src=\"https:\/\/static.gorfactory.es\/pics\/measures\/DE_HO.jpg\"><\/p>","protected":false},"excerpt":{"rendered":"<p>Non-woven colour apron and hat set for children. Adjustable one size with velcro fastening on the hat. Composition: 80 gsm<\/p>","protected":false},"featured_media":9509,"comment_status":"open","ping_status":"closed","template":"","meta":[],"product_cat":[250,245],"product_tag":[],"class_list":{"0":"post-9508","1":"product","2":"type-product","3":"status-publish","4":"has-post-thumbnail","6":"product_cat-aprons_mitts","7":"product_cat-kitchen","9":"first","10":"instock","11":"shipping-taxable","12":"purchasable","13":"product-type-variable"},"_links":{"self":[{"href":"https:\/\/www.promotio.sk\/sk\/wp-json\/wp\/v2\/product\/9508","targetHints":{"allow":["GET"]}}],"collection":[{"href":"https:\/\/www.promotio.sk\/sk\/wp-json\/wp\/v2\/product"}],"about":[{"href":"https:\/\/www.promotio.sk\/sk\/wp-json\/wp\/v2\/types\/product"}],"replies":[{"embeddable":true,"href":"https:\/\/www.promotio.sk\/sk\/wp-json\/wp\/v2\/comments?post=9508"}],"wp:featuredmedia":[{"embeddable":true,"href":"https:\/\/www.promotio.sk\/sk\/wp-json\/wp\/v2\/media\/9509"}],"wp:attachment":[{"href":"https:\/\/www.promotio.sk\/sk\/wp-json\/wp\/v2\/media?parent=9508"}],"wp:term":[{"taxonomy":"product_cat","embeddable":true,"href":"https:\/\/www.promotio.sk\/sk\/wp-json\/wp\/v2\/product_cat?post=9508"},{"taxonomy":"product_tag","embeddable":true,"href":"https:\/\/www.promotio.sk\/sk\/wp-json\/wp\/v2\/product_tag?post=9508"}],"curies":[{"name":"wp","href":"https:\/\/api.w.org\/{rel}","templated":true}]}}