{"id":9449,"date":"2024-03-06T20:55:11","date_gmt":"2024-03-06T19:55:11","guid":{"rendered":"https:\/\/www.promotio.sk\/shop\/nezaraden\u00e9\/ducasse\/"},"modified":"2024-03-12T23:29:55","modified_gmt":"2024-03-12T22:29:55","slug":"ducasse","status":"publish","type":"product","link":"https:\/\/www.promotio.sk\/sk\/shop\/promo-clothing\/workwear\/horeca\/ducasse\/","title":{"rendered":"DUCASSE"},"content":{"rendered":"<p>Dlh\u00e1 z\u00e1stera s dvojit\u00fdm predn\u00fdm vreckom a zodpovedaj\u00facimi \u0161n\u00farkami na zav\u00e4zovanie.<br \/>\n\u00b7 90% polyester a 10% bavlna (150 gsm).<br \/>\n\u00b7 Odn\u00edmate\u013en\u00fd \u0161t\u00edtok.<br \/>\n\u00b7 Jedna ve\u013ekos\u0165.<br \/>\n\u00b7 Rozmery vrecka: 25 x 16 cm.<br \/>Zlo\u017eenie: 90% polyester \/ 10% bavlna, 150 gsm.<br \/>Pozn\u00e1mky: *Model pre potravin\u00e1rsky priemysel.<br \/>\n* Odn\u00edmate\u013en\u00fd \u0161t\u00edtok.<br \/>\n*Rozmery vrecka: 25 x 16 cm.<br \/>\n<br \/><img decoding=\"async\" src=\"https:\/\/static.gorfactory.es\/pics\/measures\/DE_HO.jpg\"><\/p>","protected":false},"excerpt":{"rendered":"<p>Long apron with double front pocket and matching tie-straps. \u00b7 90% polyester and 10% cotton (150 gsm). \u00b7 Removable label.<\/p>","protected":false},"featured_media":9450,"comment_status":"open","ping_status":"closed","template":"","meta":[],"product_cat":[564,563],"product_tag":[],"class_list":{"0":"post-9449","1":"product","2":"type-product","3":"status-publish","4":"has-post-thumbnail","6":"product_cat-horeca","7":"product_cat-workwear","9":"first","10":"instock","11":"shipping-taxable","12":"purchasable","13":"product-type-variable"},"_links":{"self":[{"href":"https:\/\/www.promotio.sk\/sk\/wp-json\/wp\/v2\/product\/9449","targetHints":{"allow":["GET"]}}],"collection":[{"href":"https:\/\/www.promotio.sk\/sk\/wp-json\/wp\/v2\/product"}],"about":[{"href":"https:\/\/www.promotio.sk\/sk\/wp-json\/wp\/v2\/types\/product"}],"replies":[{"embeddable":true,"href":"https:\/\/www.promotio.sk\/sk\/wp-json\/wp\/v2\/comments?post=9449"}],"wp:featuredmedia":[{"embeddable":true,"href":"https:\/\/www.promotio.sk\/sk\/wp-json\/wp\/v2\/media\/9450"}],"wp:attachment":[{"href":"https:\/\/www.promotio.sk\/sk\/wp-json\/wp\/v2\/media?parent=9449"}],"wp:term":[{"taxonomy":"product_cat","embeddable":true,"href":"https:\/\/www.promotio.sk\/sk\/wp-json\/wp\/v2\/product_cat?post=9449"},{"taxonomy":"product_tag","embeddable":true,"href":"https:\/\/www.promotio.sk\/sk\/wp-json\/wp\/v2\/product_tag?post=9449"}],"curies":[{"name":"wp","href":"https:\/\/api.w.org\/{rel}","templated":true}]}}