{"id":9447,"date":"2024-03-06T20:55:07","date_gmt":"2024-03-06T19:55:07","guid":{"rendered":"https:\/\/www.promotio.sk\/shop\/uncategorized\/ramsay\/"},"modified":"2024-03-12T23:29:26","modified_gmt":"2024-03-12T22:29:26","slug":"ramsay","status":"publish","type":"product","link":"https:\/\/www.promotio.sk\/sk\/shop\/promo-clothing\/workwear\/horeca\/ramsay\/","title":{"rendered":"RAMSAY"},"content":{"rendered":"<p>Dlh\u00e1 keprov\u00e1 z\u00e1stera.<br \/>\n\u00b7 Zodpovedaj\u00faci remienok na krk.<br \/>\n\u00b7 Bo\u010dn\u00e9 popruhy.<br \/>Zlo\u017eenie: 80% polyester \/ 20% bavlna, 190 gsm.<br \/>Pozn\u00e1mky: * Model pre potravin\u00e1rsky priemysel.<br \/>\n* Odn\u00edmate\u013en\u00fd \u0161t\u00edtok.<br \/><img decoding=\"async\" src=\"https:\/\/static.gorfactory.es\/pics\/measures\/DE_HO.jpg\"><\/p>","protected":false},"excerpt":{"rendered":"<p>Long apron in twill. \u00b7 Matching neck strap. \u00b7 Side tie-straps.Composition: 80% polyester \/ 20% cotton, 190 gsm.Remarks: * Model<\/p>","protected":false},"featured_media":9448,"comment_status":"open","ping_status":"closed","template":"","meta":[],"product_cat":[564,563],"product_tag":[],"class_list":{"0":"post-9447","1":"product","2":"type-product","3":"status-publish","4":"has-post-thumbnail","6":"product_cat-horeca","7":"product_cat-workwear","9":"first","10":"instock","11":"shipping-taxable","12":"purchasable","13":"product-type-variable"},"_links":{"self":[{"href":"https:\/\/www.promotio.sk\/sk\/wp-json\/wp\/v2\/product\/9447","targetHints":{"allow":["GET"]}}],"collection":[{"href":"https:\/\/www.promotio.sk\/sk\/wp-json\/wp\/v2\/product"}],"about":[{"href":"https:\/\/www.promotio.sk\/sk\/wp-json\/wp\/v2\/types\/product"}],"replies":[{"embeddable":true,"href":"https:\/\/www.promotio.sk\/sk\/wp-json\/wp\/v2\/comments?post=9447"}],"wp:featuredmedia":[{"embeddable":true,"href":"https:\/\/www.promotio.sk\/sk\/wp-json\/wp\/v2\/media\/9448"}],"wp:attachment":[{"href":"https:\/\/www.promotio.sk\/sk\/wp-json\/wp\/v2\/media?parent=9447"}],"wp:term":[{"taxonomy":"product_cat","embeddable":true,"href":"https:\/\/www.promotio.sk\/sk\/wp-json\/wp\/v2\/product_cat?post=9447"},{"taxonomy":"product_tag","embeddable":true,"href":"https:\/\/www.promotio.sk\/sk\/wp-json\/wp\/v2\/product_tag?post=9447"}],"curies":[{"name":"wp","href":"https:\/\/api.w.org\/{rel}","templated":true}]}}