{"id":9421,"date":"2024-03-06T20:53:46","date_gmt":"2024-03-06T19:53:46","guid":{"rendered":"https:\/\/www.promotio.sk\/shop\/uncategorized\/larius\/"},"modified":"2024-03-06T20:54:23","modified_gmt":"2024-03-06T19:54:23","slug":"larius","status":"publish","type":"product","link":"https:\/\/www.promotio.sk\/sk\/shop\/promo-items\/kitchen\/home_cocktail\/larius\/","title":{"rendered":"LARIUS"},"content":{"rendered":"<p>Koktejlov\u00e1 s\u00faprava z nehrdzavej\u00facej ocele 304. Obsahuje odmerku, 580 ml \u0161ejker, sitko a ly\u017eicu. Vr\u00e1tane prenosnej ta\u0161ky.<br \/>\n<br \/>Zlo\u017eenie: Nerezov\u00e1 oce\u013e.<br \/>Pozn\u00e1mky: Prezent\u00e1cia v dizajnovom boxe.<\/p>","protected":false},"excerpt":{"rendered":"<p>304 stainless steel cocktail set. Includes measuring cup, 580 ml shaker, strainer and spoon. Carry bag included. Composition: Stainless steel.Remarks:<\/p>","protected":false},"featured_media":9422,"comment_status":"open","ping_status":"closed","template":"","meta":[],"product_cat":[247,245],"product_tag":[],"class_list":{"0":"post-9421","1":"product","2":"type-product","3":"status-publish","4":"has-post-thumbnail","6":"product_cat-home_cocktail","7":"product_cat-kitchen","9":"first","10":"instock","11":"shipping-taxable","12":"purchasable","13":"product-type-variable"},"_links":{"self":[{"href":"https:\/\/www.promotio.sk\/sk\/wp-json\/wp\/v2\/product\/9421","targetHints":{"allow":["GET"]}}],"collection":[{"href":"https:\/\/www.promotio.sk\/sk\/wp-json\/wp\/v2\/product"}],"about":[{"href":"https:\/\/www.promotio.sk\/sk\/wp-json\/wp\/v2\/types\/product"}],"replies":[{"embeddable":true,"href":"https:\/\/www.promotio.sk\/sk\/wp-json\/wp\/v2\/comments?post=9421"}],"wp:featuredmedia":[{"embeddable":true,"href":"https:\/\/www.promotio.sk\/sk\/wp-json\/wp\/v2\/media\/9422"}],"wp:attachment":[{"href":"https:\/\/www.promotio.sk\/sk\/wp-json\/wp\/v2\/media?parent=9421"}],"wp:term":[{"taxonomy":"product_cat","embeddable":true,"href":"https:\/\/www.promotio.sk\/sk\/wp-json\/wp\/v2\/product_cat?post=9421"},{"taxonomy":"product_tag","embeddable":true,"href":"https:\/\/www.promotio.sk\/sk\/wp-json\/wp\/v2\/product_tag?post=9421"}],"curies":[{"name":"wp","href":"https:\/\/api.w.org\/{rel}","templated":true}]}}