{"id":9407,"date":"2024-03-06T20:53:07","date_gmt":"2024-03-06T19:53:07","guid":{"rendered":"https:\/\/www.promotio.sk\/shop\/uncategorized\/walker\/"},"modified":"2024-03-06T20:53:41","modified_gmt":"2024-03-06T19:53:41","slug":"walker","status":"publish","type":"product","link":"https:\/\/www.promotio.sk\/sk\/shop\/promo-items\/kitchen\/home_cocktail\/walker\/","title":{"rendered":"CHODN\u00cdK"},"content":{"rendered":"<p>Nerezov\u00e1 banka s bezpe\u010dnostn\u00fdm uz\u00e1verom proti odkvapk\u00e1vaniu. Kapacita 175 ml.<br \/>Zlo\u017eenie: Acero inoxidable<br \/>Pozn\u00e1mky: Prezent\u00e1cia v dizajnovom boxe.<\/p>","protected":false},"excerpt":{"rendered":"<p>Stainless steel flask with safety anti-drip closure. 175 ml capacity.Composition: Acero inoxidableRemarks: Presentation in design box.<\/p>","protected":false},"featured_media":9408,"comment_status":"open","ping_status":"closed","template":"","meta":[],"product_cat":[247,245],"product_tag":[],"class_list":{"0":"post-9407","1":"product","2":"type-product","3":"status-publish","4":"has-post-thumbnail","6":"product_cat-home_cocktail","7":"product_cat-kitchen","9":"first","10":"instock","11":"shipping-taxable","12":"purchasable","13":"product-type-variable"},"_links":{"self":[{"href":"https:\/\/www.promotio.sk\/sk\/wp-json\/wp\/v2\/product\/9407","targetHints":{"allow":["GET"]}}],"collection":[{"href":"https:\/\/www.promotio.sk\/sk\/wp-json\/wp\/v2\/product"}],"about":[{"href":"https:\/\/www.promotio.sk\/sk\/wp-json\/wp\/v2\/types\/product"}],"replies":[{"embeddable":true,"href":"https:\/\/www.promotio.sk\/sk\/wp-json\/wp\/v2\/comments?post=9407"}],"wp:featuredmedia":[{"embeddable":true,"href":"https:\/\/www.promotio.sk\/sk\/wp-json\/wp\/v2\/media\/9408"}],"wp:attachment":[{"href":"https:\/\/www.promotio.sk\/sk\/wp-json\/wp\/v2\/media?parent=9407"}],"wp:term":[{"taxonomy":"product_cat","embeddable":true,"href":"https:\/\/www.promotio.sk\/sk\/wp-json\/wp\/v2\/product_cat?post=9407"},{"taxonomy":"product_tag","embeddable":true,"href":"https:\/\/www.promotio.sk\/sk\/wp-json\/wp\/v2\/product_tag?post=9407"}],"curies":[{"name":"wp","href":"https:\/\/api.w.org\/{rel}","templated":true}]}}