{"id":9405,"date":"2024-03-06T20:53:01","date_gmt":"2024-03-06T19:53:01","guid":{"rendered":"https:\/\/www.promotio.sk\/shop\/nezaraden\u00e9\/rabil\/"},"modified":"2024-03-06T20:53:37","modified_gmt":"2024-03-06T19:53:37","slug":"rabil","status":"publish","type":"product","link":"https:\/\/www.promotio.sk\/sk\/shop\/promo-items\/kitchen\/weighing_scales\/rabil\/","title":{"rendered":"RABIL"},"content":{"rendered":"<p>Digit\u00e1lna kuchynsk\u00e1 v\u00e1ha s bambusov\u00fdm predn\u00fdm pl\u00e1\u0161\u0165om. Ide\u00e1lne na v\u00e1\u017eenie ingredienci\u00ed a jedla pri varen\u00ed va\u0161ich ob\u013e\u00faben\u00fdch receptov. S maxim\u00e1lnou nosnos\u0165ou 5 kg. Nap\u00e1jan\u00e9 bat\u00e9riou, ktor\u00e1 je s\u00fa\u010das\u0165ou balenia.<br \/>Zlo\u017eenie: Predn\u00e1 strana z pr\u00edrodn\u00e9ho bambusu.<br \/>Pozn\u00e1mky: Prezent\u00e1cia v individu\u00e1lnom eko dizajnovom boxe.<br \/>\nGomb\u00edkov\u00e1 bunka CR2032.<\/p>","protected":false},"excerpt":{"rendered":"<p>Digital kitchen scale with bamboo front shell. Ideal for weighing ingredients and food when cooking your favourtie recipes. With a<\/p>","protected":false},"featured_media":9406,"comment_status":"open","ping_status":"closed","template":"","meta":[],"product_cat":[245,248],"product_tag":[],"class_list":{"0":"post-9405","1":"product","2":"type-product","3":"status-publish","4":"has-post-thumbnail","6":"product_cat-kitchen","7":"product_cat-weighing_scales","9":"first","10":"instock","11":"shipping-taxable","12":"purchasable","13":"product-type-variable"},"_links":{"self":[{"href":"https:\/\/www.promotio.sk\/sk\/wp-json\/wp\/v2\/product\/9405","targetHints":{"allow":["GET"]}}],"collection":[{"href":"https:\/\/www.promotio.sk\/sk\/wp-json\/wp\/v2\/product"}],"about":[{"href":"https:\/\/www.promotio.sk\/sk\/wp-json\/wp\/v2\/types\/product"}],"replies":[{"embeddable":true,"href":"https:\/\/www.promotio.sk\/sk\/wp-json\/wp\/v2\/comments?post=9405"}],"wp:featuredmedia":[{"embeddable":true,"href":"https:\/\/www.promotio.sk\/sk\/wp-json\/wp\/v2\/media\/9406"}],"wp:attachment":[{"href":"https:\/\/www.promotio.sk\/sk\/wp-json\/wp\/v2\/media?parent=9405"}],"wp:term":[{"taxonomy":"product_cat","embeddable":true,"href":"https:\/\/www.promotio.sk\/sk\/wp-json\/wp\/v2\/product_cat?post=9405"},{"taxonomy":"product_tag","embeddable":true,"href":"https:\/\/www.promotio.sk\/sk\/wp-json\/wp\/v2\/product_tag?post=9405"}],"curies":[{"name":"wp","href":"https:\/\/api.w.org\/{rel}","templated":true}]}}