{"id":9384,"date":"2024-03-06T20:51:46","date_gmt":"2024-03-06T19:51:46","guid":{"rendered":"https:\/\/www.promotio.sk\/shop\/nezaraden\u00e9\/tadeus\/"},"modified":"2024-03-06T20:52:28","modified_gmt":"2024-03-06T19:52:28","slug":"tadeus","status":"publish","type":"product","link":"https:\/\/www.promotio.sk\/sk\/shop\/promo-items\/kitchen\/weighing_scales\/tadeus\/","title":{"rendered":"TADEUS"},"content":{"rendered":"<p>Bambusov\u00e9 v\u00e1hy s proti\u0161mykovou z\u00e1klad\u0148ou. Digit\u00e1lny displej s hmotnos\u0165ou a teplotou. 2 AA bat\u00e9rie, nie s\u00fa s\u00fa\u010das\u0165ou balenia.<br \/>Zlo\u017eenie: Bamb\u00fa<br \/>Pozn\u00e1mky: Rango de peso: 5 kg \u2013 180 kg<br \/>\nPresnos\u0165 + \u2013 50 gramov \/ 0,2 lb<br \/>\nMaxim\u00e1lne \u0161portov\u00e9 za\u0165a\u017eenie: 180 kg<br \/>\nFunkcia auto apagado \/ auto encendido<br \/>\nFunkcia teploty: 5-35\u00baC<br \/>\nUnidades: kilogramy \/ v\u00e1hy<br \/>\nDisplej: LCD<br \/>\nApagado autom\u00e1tico 10 segundos.<br \/>\nPrezent\u00e1cia en caja dise\u00f1o eco.<\/p>","protected":false},"excerpt":{"rendered":"<p>Bamboo scales with anti-slip base. Digital display with weight and temperature. 2 AA batteries, not included.Composition: Bamb\u00faRemarks: Rango de peso:<\/p>","protected":false},"featured_media":9385,"comment_status":"open","ping_status":"closed","template":"","meta":[],"product_cat":[245,248],"product_tag":[],"class_list":{"0":"post-9384","1":"product","2":"type-product","3":"status-publish","4":"has-post-thumbnail","6":"product_cat-kitchen","7":"product_cat-weighing_scales","9":"first","10":"instock","11":"shipping-taxable","12":"purchasable","13":"product-type-variable"},"_links":{"self":[{"href":"https:\/\/www.promotio.sk\/sk\/wp-json\/wp\/v2\/product\/9384","targetHints":{"allow":["GET"]}}],"collection":[{"href":"https:\/\/www.promotio.sk\/sk\/wp-json\/wp\/v2\/product"}],"about":[{"href":"https:\/\/www.promotio.sk\/sk\/wp-json\/wp\/v2\/types\/product"}],"replies":[{"embeddable":true,"href":"https:\/\/www.promotio.sk\/sk\/wp-json\/wp\/v2\/comments?post=9384"}],"wp:featuredmedia":[{"embeddable":true,"href":"https:\/\/www.promotio.sk\/sk\/wp-json\/wp\/v2\/media\/9385"}],"wp:attachment":[{"href":"https:\/\/www.promotio.sk\/sk\/wp-json\/wp\/v2\/media?parent=9384"}],"wp:term":[{"taxonomy":"product_cat","embeddable":true,"href":"https:\/\/www.promotio.sk\/sk\/wp-json\/wp\/v2\/product_cat?post=9384"},{"taxonomy":"product_tag","embeddable":true,"href":"https:\/\/www.promotio.sk\/sk\/wp-json\/wp\/v2\/product_tag?post=9384"}],"curies":[{"name":"wp","href":"https:\/\/api.w.org\/{rel}","templated":true}]}}