{"id":9338,"date":"2024-03-06T20:49:25","date_gmt":"2024-03-06T19:49:25","guid":{"rendered":"https:\/\/www.promotio.sk\/shop\/nezaraden\u00e9\/venet\/"},"modified":"2024-03-06T20:50:09","modified_gmt":"2024-03-06T19:50:09","slug":"venet","status":"publish","type":"product","link":"https:\/\/www.promotio.sk\/sk\/shop\/promo-items\/kitchen\/cheese_wine\/venet\/","title":{"rendered":"VENET"},"content":{"rendered":"<p>Sada na v\u00edno s doplnkami z nehrdzavej\u00facej ocele: v\u00fdvrtka s dvojitou p\u00e1kou a sklopnou \u010depe\u013eou, odkvapk\u00e1vac\u00ed kr\u00fa\u017eok, nalievacie hrdlo a z\u00e1tka. <br \/>Zlo\u017eenie: nehrdzavej\u00faca oce\u013e a korok.<br \/>Pozn\u00e1mky: Prezent\u00e1cia v pr\u00edrodnom korku s vn\u00fatorn\u00fdm polstrovan\u00edm a krabi\u010dkou s ekologick\u00fdm dizajnom.<\/p>","protected":false},"excerpt":{"rendered":"<p>Sada na v\u00edno s doplnkami z nehrdzavej\u00facej ocele: v\u00fdvrtka s dvojitou p\u00e1kou a sklopnou \u010depe\u013eou, odkvapk\u00e1vac\u00ed kr\u00fa\u017eok, nalievacie hrdlo a z\u00e1tka.<\/p>","protected":false},"featured_media":9339,"comment_status":"open","ping_status":"closed","template":"","meta":[],"product_cat":[30,245],"product_tag":[],"class_list":{"0":"post-9338","1":"product","2":"type-product","3":"status-publish","4":"has-post-thumbnail","6":"product_cat-cheese_wine","7":"product_cat-kitchen","9":"first","10":"instock","11":"shipping-taxable","12":"purchasable","13":"product-type-variable"},"_links":{"self":[{"href":"https:\/\/www.promotio.sk\/sk\/wp-json\/wp\/v2\/product\/9338","targetHints":{"allow":["GET"]}}],"collection":[{"href":"https:\/\/www.promotio.sk\/sk\/wp-json\/wp\/v2\/product"}],"about":[{"href":"https:\/\/www.promotio.sk\/sk\/wp-json\/wp\/v2\/types\/product"}],"replies":[{"embeddable":true,"href":"https:\/\/www.promotio.sk\/sk\/wp-json\/wp\/v2\/comments?post=9338"}],"wp:featuredmedia":[{"embeddable":true,"href":"https:\/\/www.promotio.sk\/sk\/wp-json\/wp\/v2\/media\/9339"}],"wp:attachment":[{"href":"https:\/\/www.promotio.sk\/sk\/wp-json\/wp\/v2\/media?parent=9338"}],"wp:term":[{"taxonomy":"product_cat","embeddable":true,"href":"https:\/\/www.promotio.sk\/sk\/wp-json\/wp\/v2\/product_cat?post=9338"},{"taxonomy":"product_tag","embeddable":true,"href":"https:\/\/www.promotio.sk\/sk\/wp-json\/wp\/v2\/product_tag?post=9338"}],"curies":[{"name":"wp","href":"https:\/\/api.w.org\/{rel}","templated":true}]}}