{"id":9312,"date":"2024-03-06T20:47:50","date_gmt":"2024-03-06T19:47:50","guid":{"rendered":"https:\/\/www.promotio.sk\/shop\/uncategorized\/pilsenn\/"},"modified":"2024-03-06T20:48:33","modified_gmt":"2024-03-06T19:48:33","slug":"pilsenn","status":"publish","type":"product","link":"https:\/\/www.promotio.sk\/sk\/shop\/promo-items\/kitchen\/openers_accessories\/pilsenn\/","title":{"rendered":"PLZE\u0147"},"content":{"rendered":"<p>Otv\u00e1ra\u010d v tvare f\u013ea\u0161e z bambusu a kovu s magnetom.<br \/>Zlo\u017eenie: Bamb\u00fa<\/p>","protected":false},"excerpt":{"rendered":"<p>Opener in the shape of a bottle in bamboo and metal with magnet.Composition: Bamb\u00fa<\/p>","protected":false},"featured_media":9313,"comment_status":"open","ping_status":"closed","template":"","meta":[],"product_cat":[245,31],"product_tag":[],"class_list":{"0":"post-9312","1":"product","2":"type-product","3":"status-publish","4":"has-post-thumbnail","6":"product_cat-kitchen","7":"product_cat-openers_accessories","9":"first","10":"instock","11":"shipping-taxable","12":"purchasable","13":"product-type-variable"},"_links":{"self":[{"href":"https:\/\/www.promotio.sk\/sk\/wp-json\/wp\/v2\/product\/9312","targetHints":{"allow":["GET"]}}],"collection":[{"href":"https:\/\/www.promotio.sk\/sk\/wp-json\/wp\/v2\/product"}],"about":[{"href":"https:\/\/www.promotio.sk\/sk\/wp-json\/wp\/v2\/types\/product"}],"replies":[{"embeddable":true,"href":"https:\/\/www.promotio.sk\/sk\/wp-json\/wp\/v2\/comments?post=9312"}],"wp:featuredmedia":[{"embeddable":true,"href":"https:\/\/www.promotio.sk\/sk\/wp-json\/wp\/v2\/media\/9313"}],"wp:attachment":[{"href":"https:\/\/www.promotio.sk\/sk\/wp-json\/wp\/v2\/media?parent=9312"}],"wp:term":[{"taxonomy":"product_cat","embeddable":true,"href":"https:\/\/www.promotio.sk\/sk\/wp-json\/wp\/v2\/product_cat?post=9312"},{"taxonomy":"product_tag","embeddable":true,"href":"https:\/\/www.promotio.sk\/sk\/wp-json\/wp\/v2\/product_tag?post=9312"}],"curies":[{"name":"wp","href":"https:\/\/api.w.org\/{rel}","templated":true}]}}