{"id":9293,"date":"2024-03-06T20:46:42","date_gmt":"2024-03-06T19:46:42","guid":{"rendered":"https:\/\/www.promotio.sk\/shop\/uncategorized\/bordel\/"},"modified":"2024-03-06T20:47:40","modified_gmt":"2024-03-06T19:47:40","slug":"bordel","status":"publish","type":"product","link":"https:\/\/www.promotio.sk\/sk\/shop\/promo-items\/kitchen\/cheese_wine\/bordel\/","title":{"rendered":"BORDEL"},"content":{"rendered":"<p>Dreven\u00e9 puzdro na f\u013ea\u0161u v\u00edna je dokonal\u00fdm doplnkom na prepravu a elegantn\u00fa prezent\u00e1ciu f\u013ea\u0161e na v\u00edno. Toto puzdro je vyroben\u00e9 z dreva a pon\u00faka bezpe\u010dn\u00fa ochranu a sofistikovan\u00fd vzh\u013ead.<br \/>\nPuzdro m\u00e1 \u0161peci\u00e1lny dizajn, ktor\u00fd obsahuje sadu na v\u00edno prezentovan\u00fa na veku. T\u00e1to sada sa sklad\u00e1 z nerezov\u00fdch doplnkov, ako je v\u00fdvrtka s reza\u010dom kaps\u00fal, d\u00e1vkova\u010d, z\u00e1tka a odkvapk\u00e1vac\u00ed kr\u00fa\u017eok. Tieto prvky poskytuj\u00fa v\u0161etky potrebn\u00e9 n\u00e1stroje na \u013eahk\u00e9 otvorenie a vychutnanie si f\u013ea\u0161e v\u00edna.<br \/>\nVn\u00fatro puzdra je polstrovan\u00e9, aby bola zaisten\u00e1 bezpe\u010dnos\u0165 a stabilita f\u013ea\u0161e po\u010das prepravy. Drevo pou\u017eit\u00e9 pri jeho v\u00fdrobe navy\u0161e pon\u00faka dodato\u010dn\u00fa ochranu proti n\u00e1razom a zmen\u00e1m teploty.<br \/>\nT\u00e1to prezent\u00e1cia z neho rob\u00ed aj ide\u00e1lny dar\u010dek pre milovn\u00edkov v\u00edna a v\u00ednnych z\u00e1\u017eitkov.<br \/>Zlo\u017eenie: Madera<br \/>Pozn\u00e1mky: Presentaci\u00f3n en caja dise\u00f1o eco.<\/p>","protected":false},"excerpt":{"rendered":"<p>The wooden wine bottle case is the perfect complement to transport and present the wine bottle in an elegant way.<\/p>","protected":false},"featured_media":9294,"comment_status":"open","ping_status":"closed","template":"","meta":[],"product_cat":[30,245],"product_tag":[],"class_list":{"0":"post-9293","1":"product","2":"type-product","3":"status-publish","4":"has-post-thumbnail","6":"product_cat-cheese_wine","7":"product_cat-kitchen","9":"first","10":"instock","11":"shipping-taxable","12":"purchasable","13":"product-type-variable"},"_links":{"self":[{"href":"https:\/\/www.promotio.sk\/sk\/wp-json\/wp\/v2\/product\/9293","targetHints":{"allow":["GET"]}}],"collection":[{"href":"https:\/\/www.promotio.sk\/sk\/wp-json\/wp\/v2\/product"}],"about":[{"href":"https:\/\/www.promotio.sk\/sk\/wp-json\/wp\/v2\/types\/product"}],"replies":[{"embeddable":true,"href":"https:\/\/www.promotio.sk\/sk\/wp-json\/wp\/v2\/comments?post=9293"}],"wp:featuredmedia":[{"embeddable":true,"href":"https:\/\/www.promotio.sk\/sk\/wp-json\/wp\/v2\/media\/9294"}],"wp:attachment":[{"href":"https:\/\/www.promotio.sk\/sk\/wp-json\/wp\/v2\/media?parent=9293"}],"wp:term":[{"taxonomy":"product_cat","embeddable":true,"href":"https:\/\/www.promotio.sk\/sk\/wp-json\/wp\/v2\/product_cat?post=9293"},{"taxonomy":"product_tag","embeddable":true,"href":"https:\/\/www.promotio.sk\/sk\/wp-json\/wp\/v2\/product_tag?post=9293"}],"curies":[{"name":"wp","href":"https:\/\/api.w.org\/{rel}","templated":true}]}}