{"id":9284,"date":"2024-03-06T20:38:58","date_gmt":"2024-03-06T19:38:58","guid":{"rendered":"https:\/\/www.promotio.sk\/shop\/uncategorized\/pampa\/"},"modified":"2024-03-06T20:39:54","modified_gmt":"2024-03-06T19:39:54","slug":"pampa","status":"publish","type":"product","link":"https:\/\/www.promotio.sk\/sk\/shop\/promo-items\/writing_office\/pens\/pampa\/","title":{"rendered":"PAMPA"},"content":{"rendered":"<p>Ekologick\u00e9 gu\u013e\u00f4\u010dkov\u00e9 pero s bambusov\u00fdm telom, farebn\u00fdm dotykov\u00fdm ukazov\u00e1tkom a kovov\u00fdm klipom. Strieborn\u00fd gomb\u00edk, klip a hrot. 1,0 mm prieh\u013eadn\u00e1 jumbo n\u00e1pl\u0148 s modr\u00fdm atramentom.<br \/>Zlo\u017eenie: Bambus a kov.<\/p>","protected":false},"excerpt":{"rendered":"<p>Eco-line ballpoint pen with bamboo body, colour touch pointer and metal clip. Silver push button, clip and tip. 1.0 mm<\/p>","protected":false},"featured_media":9285,"comment_status":"open","ping_status":"closed","template":"","meta":[],"product_cat":[205,39],"product_tag":[],"class_list":{"0":"post-9284","1":"product","2":"type-product","3":"status-publish","4":"has-post-thumbnail","6":"product_cat-pens","7":"product_cat-writing_office","9":"first","10":"instock","11":"shipping-taxable","12":"product-type-variable"},"_links":{"self":[{"href":"https:\/\/www.promotio.sk\/sk\/wp-json\/wp\/v2\/product\/9284","targetHints":{"allow":["GET"]}}],"collection":[{"href":"https:\/\/www.promotio.sk\/sk\/wp-json\/wp\/v2\/product"}],"about":[{"href":"https:\/\/www.promotio.sk\/sk\/wp-json\/wp\/v2\/types\/product"}],"replies":[{"embeddable":true,"href":"https:\/\/www.promotio.sk\/sk\/wp-json\/wp\/v2\/comments?post=9284"}],"wp:featuredmedia":[{"embeddable":true,"href":"https:\/\/www.promotio.sk\/sk\/wp-json\/wp\/v2\/media\/9285"}],"wp:attachment":[{"href":"https:\/\/www.promotio.sk\/sk\/wp-json\/wp\/v2\/media?parent=9284"}],"wp:term":[{"taxonomy":"product_cat","embeddable":true,"href":"https:\/\/www.promotio.sk\/sk\/wp-json\/wp\/v2\/product_cat?post=9284"},{"taxonomy":"product_tag","embeddable":true,"href":"https:\/\/www.promotio.sk\/sk\/wp-json\/wp\/v2\/product_tag?post=9284"}],"curies":[{"name":"wp","href":"https:\/\/api.w.org\/{rel}","templated":true}]}}