{"id":9277,"date":"2024-03-06T20:37:49","date_gmt":"2024-03-06T19:37:49","guid":{"rendered":"https:\/\/www.promotio.sk\/shop\/uncategorized\/tucuma\/"},"modified":"2024-03-06T20:38:56","modified_gmt":"2024-03-06T19:38:56","slug":"tucuma","status":"publish","type":"product","link":"https:\/\/www.promotio.sk\/sk\/shop\/promo-items\/writing_office\/pens\/tucuma\/","title":{"rendered":"TUCUMA"},"content":{"rendered":"<p>Ekologick\u00e9 gu\u013e\u00f4\u010dkov\u00e9 pero s bambusov\u00fdm telom. Strieborn\u00fd gomb\u00edk, klip a hrot. N\u00e1pl\u0148 modr\u00e9ho atramentu 1,0 mm.<br \/>Zlo\u017eenie: bambus a plast.<\/p>","protected":false},"excerpt":{"rendered":"<p>Eco-line ball pen with bamboo body. Silver push button, clip and tip. 1.0 mm blue ink refill.Composition: Bamboo and plastic.<\/p>","protected":false},"featured_media":9278,"comment_status":"open","ping_status":"closed","template":"","meta":[],"product_cat":[205,39],"product_tag":[],"class_list":{"0":"post-9277","1":"product","2":"type-product","3":"status-publish","4":"has-post-thumbnail","6":"product_cat-pens","7":"product_cat-writing_office","9":"first","10":"instock","11":"shipping-taxable","12":"purchasable","13":"product-type-variable"},"_links":{"self":[{"href":"https:\/\/www.promotio.sk\/sk\/wp-json\/wp\/v2\/product\/9277","targetHints":{"allow":["GET"]}}],"collection":[{"href":"https:\/\/www.promotio.sk\/sk\/wp-json\/wp\/v2\/product"}],"about":[{"href":"https:\/\/www.promotio.sk\/sk\/wp-json\/wp\/v2\/types\/product"}],"replies":[{"embeddable":true,"href":"https:\/\/www.promotio.sk\/sk\/wp-json\/wp\/v2\/comments?post=9277"}],"wp:featuredmedia":[{"embeddable":true,"href":"https:\/\/www.promotio.sk\/sk\/wp-json\/wp\/v2\/media\/9278"}],"wp:attachment":[{"href":"https:\/\/www.promotio.sk\/sk\/wp-json\/wp\/v2\/media?parent=9277"}],"wp:term":[{"taxonomy":"product_cat","embeddable":true,"href":"https:\/\/www.promotio.sk\/sk\/wp-json\/wp\/v2\/product_cat?post=9277"},{"taxonomy":"product_tag","embeddable":true,"href":"https:\/\/www.promotio.sk\/sk\/wp-json\/wp\/v2\/product_tag?post=9277"}],"curies":[{"name":"wp","href":"https:\/\/api.w.org\/{rel}","templated":true}]}}