{"id":9254,"date":"2024-03-06T20:35:44","date_gmt":"2024-03-06T19:35:44","guid":{"rendered":"https:\/\/www.promotio.sk\/shop\/uncategorized\/hallerbos\/"},"modified":"2024-03-06T20:36:22","modified_gmt":"2024-03-06T19:36:22","slug":"hallerbos","status":"publish","type":"product","link":"https:\/\/www.promotio.sk\/sk\/shop\/promo-items\/writing_office\/pens\/hallerbos\/","title":{"rendered":"HALLERBOS"},"content":{"rendered":"<p>Gu\u013e\u00f4\u010dkov\u00e9 pero s dotykov\u00fdm ukazovate\u013eom, antibakteri\u00e1lnym telom a kovov\u00fdm klipom. Zabra\u0148uje a inhibuje rast bakt\u00e9ri\u00ed na tele pera. N\u00e1pl\u0148 modr\u00e9ho atramentu 1 mm.<br \/>Zlo\u017eenie: ABS<br \/>Pozn\u00e1mky: \u2013 Dotykov\u00fd ukazovate\u013e.<br \/>\n- Antibakteri\u00e1lne telo.<\/p>","protected":false},"excerpt":{"rendered":"<p>Ballpoint pen with touch pointer, antibacterial body and metal clip. It prevents and inhibits the growth of bacteria on the<\/p>","protected":false},"featured_media":9255,"comment_status":"open","ping_status":"closed","template":"","meta":[],"product_cat":[205,39],"product_tag":[],"class_list":{"0":"post-9254","1":"product","2":"type-product","3":"status-publish","4":"has-post-thumbnail","6":"product_cat-pens","7":"product_cat-writing_office","9":"first","10":"instock","11":"shipping-taxable","12":"purchasable","13":"product-type-variable"},"_links":{"self":[{"href":"https:\/\/www.promotio.sk\/sk\/wp-json\/wp\/v2\/product\/9254","targetHints":{"allow":["GET"]}}],"collection":[{"href":"https:\/\/www.promotio.sk\/sk\/wp-json\/wp\/v2\/product"}],"about":[{"href":"https:\/\/www.promotio.sk\/sk\/wp-json\/wp\/v2\/types\/product"}],"replies":[{"embeddable":true,"href":"https:\/\/www.promotio.sk\/sk\/wp-json\/wp\/v2\/comments?post=9254"}],"wp:featuredmedia":[{"embeddable":true,"href":"https:\/\/www.promotio.sk\/sk\/wp-json\/wp\/v2\/media\/9255"}],"wp:attachment":[{"href":"https:\/\/www.promotio.sk\/sk\/wp-json\/wp\/v2\/media?parent=9254"}],"wp:term":[{"taxonomy":"product_cat","embeddable":true,"href":"https:\/\/www.promotio.sk\/sk\/wp-json\/wp\/v2\/product_cat?post=9254"},{"taxonomy":"product_tag","embeddable":true,"href":"https:\/\/www.promotio.sk\/sk\/wp-json\/wp\/v2\/product_tag?post=9254"}],"curies":[{"name":"wp","href":"https:\/\/api.w.org\/{rel}","templated":true}]}}