{"id":9236,"date":"2024-03-06T20:34:06","date_gmt":"2024-03-06T19:34:06","guid":{"rendered":"https:\/\/www.promotio.sk\/shop\/uncategorized\/borneo\/"},"modified":"2024-03-06T20:35:42","modified_gmt":"2024-03-06T19:35:42","slug":"borneo","status":"publish","type":"product","link":"https:\/\/www.promotio.sk\/sk\/shop\/promo-items\/writing_office\/pens\/borneo\/","title":{"rendered":"BORNEO"},"content":{"rendered":"<p>Kovov\u00e9 pero s tla\u010didlom. Dotykov\u00fd ukazovate\u013e a dizajnov\u00fd klip. Jumbo n\u00e1pl\u0148 s modr\u00fdm atramentom.<\/p>","protected":false},"excerpt":{"rendered":"<p>Kovov\u00e9 pero s tla\u010didlom. Dotykov\u00fd ukazovate\u013e a dizajnov\u00fd klip. Jumbo n\u00e1pl\u0148 s modr\u00fdm atramentom.<\/p>","protected":false},"featured_media":9237,"comment_status":"open","ping_status":"closed","template":"","meta":[],"product_cat":[205,39],"product_tag":[],"class_list":{"0":"post-9236","1":"product","2":"type-product","3":"status-publish","4":"has-post-thumbnail","6":"product_cat-pens","7":"product_cat-writing_office","9":"first","10":"instock","11":"shipping-taxable","12":"purchasable","13":"product-type-variable"},"_links":{"self":[{"href":"https:\/\/www.promotio.sk\/sk\/wp-json\/wp\/v2\/product\/9236","targetHints":{"allow":["GET"]}}],"collection":[{"href":"https:\/\/www.promotio.sk\/sk\/wp-json\/wp\/v2\/product"}],"about":[{"href":"https:\/\/www.promotio.sk\/sk\/wp-json\/wp\/v2\/types\/product"}],"replies":[{"embeddable":true,"href":"https:\/\/www.promotio.sk\/sk\/wp-json\/wp\/v2\/comments?post=9236"}],"wp:featuredmedia":[{"embeddable":true,"href":"https:\/\/www.promotio.sk\/sk\/wp-json\/wp\/v2\/media\/9237"}],"wp:attachment":[{"href":"https:\/\/www.promotio.sk\/sk\/wp-json\/wp\/v2\/media?parent=9236"}],"wp:term":[{"taxonomy":"product_cat","embeddable":true,"href":"https:\/\/www.promotio.sk\/sk\/wp-json\/wp\/v2\/product_cat?post=9236"},{"taxonomy":"product_tag","embeddable":true,"href":"https:\/\/www.promotio.sk\/sk\/wp-json\/wp\/v2\/product_tag?post=9236"}],"curies":[{"name":"wp","href":"https:\/\/api.w.org\/{rel}","templated":true}]}}