{"id":9121,"date":"2024-03-06T20:23:51","date_gmt":"2024-03-06T19:23:51","guid":{"rendered":"https:\/\/www.promotio.sk\/shop\/uncategorized\/merlin\/"},"modified":"2024-03-06T20:25:57","modified_gmt":"2024-03-06T19:25:57","slug":"merlin","status":"publish","type":"product","link":"https:\/\/www.promotio.sk\/sk\/shop\/promo-items\/writing_office\/pens\/merlin\/","title":{"rendered":"MERLIN"},"content":{"rendered":"<p>V\u00fdsuvn\u00e9 pero vyroben\u00e9 z ABS s m\u00e4kk\u00fdm \u00fachopom. Modr\u00fd atrament.<br \/>Zlo\u017eenie: ABS<\/p>","protected":false},"excerpt":{"rendered":"<p>Retractable pen made of ABS with soft grip. Blue ink.Composition: ABS<\/p>","protected":false},"featured_media":9122,"comment_status":"open","ping_status":"closed","template":"","meta":[],"product_cat":[205,39],"product_tag":[],"class_list":{"0":"post-9121","1":"product","2":"type-product","3":"status-publish","4":"has-post-thumbnail","6":"product_cat-pens","7":"product_cat-writing_office","9":"first","10":"instock","11":"shipping-taxable","12":"purchasable","13":"product-type-variable"},"_links":{"self":[{"href":"https:\/\/www.promotio.sk\/sk\/wp-json\/wp\/v2\/product\/9121","targetHints":{"allow":["GET"]}}],"collection":[{"href":"https:\/\/www.promotio.sk\/sk\/wp-json\/wp\/v2\/product"}],"about":[{"href":"https:\/\/www.promotio.sk\/sk\/wp-json\/wp\/v2\/types\/product"}],"replies":[{"embeddable":true,"href":"https:\/\/www.promotio.sk\/sk\/wp-json\/wp\/v2\/comments?post=9121"}],"wp:featuredmedia":[{"embeddable":true,"href":"https:\/\/www.promotio.sk\/sk\/wp-json\/wp\/v2\/media\/9122"}],"wp:attachment":[{"href":"https:\/\/www.promotio.sk\/sk\/wp-json\/wp\/v2\/media?parent=9121"}],"wp:term":[{"taxonomy":"product_cat","embeddable":true,"href":"https:\/\/www.promotio.sk\/sk\/wp-json\/wp\/v2\/product_cat?post=9121"},{"taxonomy":"product_tag","embeddable":true,"href":"https:\/\/www.promotio.sk\/sk\/wp-json\/wp\/v2\/product_tag?post=9121"}],"curies":[{"name":"wp","href":"https:\/\/api.w.org\/{rel}","templated":true}]}}