{"id":9029,"date":"2024-03-06T20:14:19","date_gmt":"2024-03-06T19:14:19","guid":{"rendered":"https:\/\/www.promotio.sk\/shop\/uncategorized\/mata\/"},"modified":"2024-03-07T09:29:43","modified_gmt":"2024-03-07T08:29:43","slug":"mata","status":"publish","type":"product","link":"https:\/\/www.promotio.sk\/sk\/shop\/promo-items\/writing_office\/pensils\/mata\/","title":{"rendered":"MATA"},"content":{"rendered":"<p>Mini dreven\u00e1 ceruzka v pr\u00edrodnom preveden\u00ed s gumou. Okr\u00fahle telo.<br \/>Zlo\u017eenie: Drevo<br \/>Pozn\u00e1mky: Nabr\u00fasen\u00fd hrot.<\/p>","protected":false},"excerpt":{"rendered":"<p>Mini wooden pencil in natural finish with rubber. Round body.Composition: WoodRemarks: Sharpened tip.<\/p>","protected":false},"featured_media":9030,"comment_status":"open","ping_status":"closed","template":"","meta":[],"product_cat":[270,39],"product_tag":[],"class_list":{"0":"post-9029","1":"product","2":"type-product","3":"status-publish","4":"has-post-thumbnail","6":"product_cat-pensils","7":"product_cat-writing_office","9":"first","10":"instock","11":"shipping-taxable","12":"purchasable","13":"product-type-variable"},"_links":{"self":[{"href":"https:\/\/www.promotio.sk\/sk\/wp-json\/wp\/v2\/product\/9029","targetHints":{"allow":["GET"]}}],"collection":[{"href":"https:\/\/www.promotio.sk\/sk\/wp-json\/wp\/v2\/product"}],"about":[{"href":"https:\/\/www.promotio.sk\/sk\/wp-json\/wp\/v2\/types\/product"}],"replies":[{"embeddable":true,"href":"https:\/\/www.promotio.sk\/sk\/wp-json\/wp\/v2\/comments?post=9029"}],"wp:featuredmedia":[{"embeddable":true,"href":"https:\/\/www.promotio.sk\/sk\/wp-json\/wp\/v2\/media\/9030"}],"wp:attachment":[{"href":"https:\/\/www.promotio.sk\/sk\/wp-json\/wp\/v2\/media?parent=9029"}],"wp:term":[{"taxonomy":"product_cat","embeddable":true,"href":"https:\/\/www.promotio.sk\/sk\/wp-json\/wp\/v2\/product_cat?post=9029"},{"taxonomy":"product_tag","embeddable":true,"href":"https:\/\/www.promotio.sk\/sk\/wp-json\/wp\/v2\/product_tag?post=9029"}],"curies":[{"name":"wp","href":"https:\/\/api.w.org\/{rel}","templated":true}]}}