{"id":8941,"date":"2024-03-06T20:06:14","date_gmt":"2024-03-06T19:06:14","guid":{"rendered":"https:\/\/www.promotio.sk\/shop\/uncategorized\/amber\/"},"modified":"2024-03-06T20:06:57","modified_gmt":"2024-03-06T19:06:57","slug":"amber","status":"publish","type":"product","link":"https:\/\/www.promotio.sk\/sk\/shop\/promo-items\/writing_office\/office_accessories\/amber\/","title":{"rendered":"JANTAR"},"content":{"rendered":"<p>Puzdro na 15\u2033 notebook vyroben\u00fd z recyklovanej plsti s energick\u00fdm dizajnom je dokonal\u00fdm rie\u0161en\u00edm na bezpe\u010dn\u00fa a udr\u017eate\u013en\u00fa ochranu v\u00e1\u0161ho notebooku. <\/p>\n<p>R\u00e1zny dizajn dod\u00e1va puzdru modern\u00fd a atrakt\u00edvny vzh\u013ead, v\u010faka chlopni so zap\u00ednan\u00edm na such\u00fd zips m\u00e1te k notebooku \u013eahk\u00fd pr\u00edstup a v\u017edy ho budete chr\u00e1ni\u0165, \u010d\u00edm zabr\u00e1nite sk\u013aznutiu alebo p\u00e1du notebooku.<br \/>\nVn\u00fatri kufra s\u00fa dve \u010fal\u0161ie priehradky, ktor\u00e9 v\u00e1m umo\u017enia usporiadane ulo\u017ei\u0165 pr\u00edslu\u0161enstvo a d\u00f4le\u017eit\u00e9 dokumenty. Nab\u00edja\u010dku, k\u00e1ble, per\u00e1 alebo in\u00e9 nevyhnutnosti si m\u00f4\u017eete vzia\u0165 so sebou a ma\u0165 ich tak na dosah ruky.<\/p>\n<p>Recyklovan\u00e1 pls\u0165 pou\u017eit\u00e1 v tomto puzdre je odoln\u00e1 a pevn\u00e1 a poskytuje extra ochranu v\u00e1\u0161ho notebooku pred n\u00e1razmi a po\u0161kriaban\u00edm. Vyberte si udr\u017eate\u013en\u00fa a \u0161t\u00fdlov\u00fa mo\u017enos\u0165 ochrany svojho notebooku pomocou recyklovan\u00e9ho plsten\u00e9ho obalu v energickom dizajne. Udr\u017eujte svoj notebook v bezpe\u010d\u00ed a z\u00e1rove\u0148 sa starajte o \u017eivotn\u00e9 prostredie s t\u00fdmto ekologick\u00fdm a funk\u010dn\u00fdm puzdrom.<br \/>Zlo\u017eenie: Fieltro reciclado<\/p>","protected":false},"excerpt":{"rendered":"<p>The 15&#8243; laptop sleeve made of recycled felt with a vigore design is the perfect solution to protect your laptop<\/p>","protected":false},"featured_media":8942,"comment_status":"open","ping_status":"closed","template":"","meta":[],"product_cat":[41,39],"product_tag":[],"class_list":{"0":"post-8941","1":"product","2":"type-product","3":"status-publish","4":"has-post-thumbnail","6":"product_cat-office_accessories","7":"product_cat-writing_office","9":"first","10":"instock","11":"shipping-taxable","12":"purchasable","13":"product-type-variable"},"_links":{"self":[{"href":"https:\/\/www.promotio.sk\/sk\/wp-json\/wp\/v2\/product\/8941","targetHints":{"allow":["GET"]}}],"collection":[{"href":"https:\/\/www.promotio.sk\/sk\/wp-json\/wp\/v2\/product"}],"about":[{"href":"https:\/\/www.promotio.sk\/sk\/wp-json\/wp\/v2\/types\/product"}],"replies":[{"embeddable":true,"href":"https:\/\/www.promotio.sk\/sk\/wp-json\/wp\/v2\/comments?post=8941"}],"wp:featuredmedia":[{"embeddable":true,"href":"https:\/\/www.promotio.sk\/sk\/wp-json\/wp\/v2\/media\/8942"}],"wp:attachment":[{"href":"https:\/\/www.promotio.sk\/sk\/wp-json\/wp\/v2\/media?parent=8941"}],"wp:term":[{"taxonomy":"product_cat","embeddable":true,"href":"https:\/\/www.promotio.sk\/sk\/wp-json\/wp\/v2\/product_cat?post=8941"},{"taxonomy":"product_tag","embeddable":true,"href":"https:\/\/www.promotio.sk\/sk\/wp-json\/wp\/v2\/product_tag?post=8941"}],"curies":[{"name":"wp","href":"https:\/\/api.w.org\/{rel}","templated":true}]}}