{"id":8934,"date":"2024-03-06T20:05:36","date_gmt":"2024-03-06T19:05:36","guid":{"rendered":"https:\/\/www.promotio.sk\/shop\/uncategorized\/balok\/"},"modified":"2024-03-06T20:06:12","modified_gmt":"2024-03-06T19:06:12","slug":"balok","status":"publish","type":"product","link":"https:\/\/www.promotio.sk\/sk\/shop\/promo-items\/writing_office\/notebooks\/balok\/","title":{"rendered":"BALOK"},"content":{"rendered":"<p>Viac\u00fa\u010delov\u00e1 zlo\u017eka form\u00e1tu A4 z pr\u00edrodn\u00e9ho korku s magnetick\u00fdm zap\u00ednan\u00edm. Vr\u00e1tane odn\u00edmate\u013enej 30-listovej podlo\u017eky, 4 vn\u00fatorn\u00fdch vreciek a dr\u017eiaka na pero.<br \/>Zlo\u017eenie: Corcho<\/p>","protected":false},"excerpt":{"rendered":"<p>Multipurpose A4 folder in natural cork with magnetic clasp. Detachable 30-sheet lined pad, 4 inside pockets and pen holder included.Composition:<\/p>","protected":false},"featured_media":8935,"comment_status":"open","ping_status":"closed","template":"","meta":[],"product_cat":[43,39],"product_tag":[],"class_list":{"0":"post-8934","1":"product","2":"type-product","3":"status-publish","4":"has-post-thumbnail","6":"product_cat-notebooks","7":"product_cat-writing_office","9":"first","10":"instock","11":"shipping-taxable","12":"purchasable","13":"product-type-variable"},"_links":{"self":[{"href":"https:\/\/www.promotio.sk\/sk\/wp-json\/wp\/v2\/product\/8934","targetHints":{"allow":["GET"]}}],"collection":[{"href":"https:\/\/www.promotio.sk\/sk\/wp-json\/wp\/v2\/product"}],"about":[{"href":"https:\/\/www.promotio.sk\/sk\/wp-json\/wp\/v2\/types\/product"}],"replies":[{"embeddable":true,"href":"https:\/\/www.promotio.sk\/sk\/wp-json\/wp\/v2\/comments?post=8934"}],"wp:featuredmedia":[{"embeddable":true,"href":"https:\/\/www.promotio.sk\/sk\/wp-json\/wp\/v2\/media\/8935"}],"wp:attachment":[{"href":"https:\/\/www.promotio.sk\/sk\/wp-json\/wp\/v2\/media?parent=8934"}],"wp:term":[{"taxonomy":"product_cat","embeddable":true,"href":"https:\/\/www.promotio.sk\/sk\/wp-json\/wp\/v2\/product_cat?post=8934"},{"taxonomy":"product_tag","embeddable":true,"href":"https:\/\/www.promotio.sk\/sk\/wp-json\/wp\/v2\/product_tag?post=8934"}],"curies":[{"name":"wp","href":"https:\/\/api.w.org\/{rel}","templated":true}]}}