{"id":8899,"date":"2024-03-06T19:46:56","date_gmt":"2024-03-06T18:46:56","guid":{"rendered":"https:\/\/www.promotio.sk\/shop\/uncategorized\/samper\/"},"modified":"2024-03-06T19:48:13","modified_gmt":"2024-03-06T18:48:13","slug":"samper","status":"publish","type":"product","link":"https:\/\/www.promotio.sk\/sk\/shop\/promo-items\/writing_office\/office_accessories\/samper\/","title":{"rendered":"SAMPER"},"content":{"rendered":"<p>Multifunk\u010dn\u00fd zaklada\u010d RPET 300D A5 je v\u0161estrann\u00fd a praktick\u00fd doplnok, ktor\u00fd v\u00e1m umo\u017en\u00ed organizova\u0165 si dokumenty. T\u00e1to zlo\u017eka je vyroben\u00e1 z vysokokvalitn\u00e9ho recyklovan\u00e9ho materi\u00e1lu RPET a dokazuje v\u00e1\u0161 z\u00e1v\u00e4zok stara\u0165 sa o \u017eivotn\u00e9 prostredie.<br \/>\nV\u010faka magnetick\u00e9mu uz\u00e1veru prie\u010dinok zaist\u00ed, \u017ee va\u0161e dokumenty a veci zostan\u00fa v bezpe\u010d\u00ed. Navy\u0161e m\u00e1 vo veku zabudovan\u00fa bezdr\u00f4tov\u00fa nab\u00edja\u010dku, ktor\u00e1 v\u00e1m umo\u017en\u00ed pohodlne nab\u00edja\u0165 va\u0161e zariadenia, ktor\u00e9 s\u00fa kompatibiln\u00e9 s bezdr\u00f4tov\u00fdm nab\u00edjan\u00edm.<br \/>\nVo vn\u00fatri prie\u010dinka n\u00e1jdete odn\u00edmate\u013en\u00fd pozn\u00e1mkov\u00fd blok s 56 listami a priehradku na v\u00e1\u0161 mobiln\u00fd telef\u00f3n, kde ho m\u00f4\u017eete ma\u0165 poruke aj chr\u00e1nen\u00fd. S\u00fa\u010das\u0165ou je aj dr\u017eiak na karty a mobiln\u00fd telef\u00f3n.<br \/>\nPrie\u010dinok obsahuje aj praktick\u00fd dr\u017eiak na pero, v\u010faka ktor\u00e9mu budete ma\u0165 v\u017edy jeden po ruke, ke\u010f ho potrebujete. Okrem toho je s\u00fa\u010das\u0165ou balenia k\u00e1bel s 3 vstupmi (typ C a v\u00fdstup USB), ktor\u00fd umo\u017e\u0148uje nab\u00edjanie r\u00f4znych zariaden\u00ed a zabezpe\u010duje kompatibilitu s r\u00f4znymi elektronick\u00fdmi zariadeniami.<br \/>Zlo\u017eenie: RPET<br \/>Pozn\u00e1mky: Entrada Tipo C y USB: 5V\/2A<br \/>\nBezdr\u00f4tov\u00fd v\u00fdkon Salida: 5W<br \/>\nSalida USB: 5V\/2A<br \/>\nPrezent\u00e1cia en caja dise\u00f1o eco.<\/p>","protected":false},"excerpt":{"rendered":"<p>The RPET 300D multifunction A5 folder is a versatile and practical accessory that allows you to organize your documents. Made<\/p>","protected":false},"featured_media":8900,"comment_status":"open","ping_status":"closed","template":"","meta":[],"product_cat":[43,41,39],"product_tag":[],"class_list":{"0":"post-8899","1":"product","2":"type-product","3":"status-publish","4":"has-post-thumbnail","6":"product_cat-notebooks","7":"product_cat-office_accessories","8":"product_cat-writing_office","10":"first","11":"instock","12":"shipping-taxable","13":"purchasable","14":"product-type-variable"},"_links":{"self":[{"href":"https:\/\/www.promotio.sk\/sk\/wp-json\/wp\/v2\/product\/8899","targetHints":{"allow":["GET"]}}],"collection":[{"href":"https:\/\/www.promotio.sk\/sk\/wp-json\/wp\/v2\/product"}],"about":[{"href":"https:\/\/www.promotio.sk\/sk\/wp-json\/wp\/v2\/types\/product"}],"replies":[{"embeddable":true,"href":"https:\/\/www.promotio.sk\/sk\/wp-json\/wp\/v2\/comments?post=8899"}],"wp:featuredmedia":[{"embeddable":true,"href":"https:\/\/www.promotio.sk\/sk\/wp-json\/wp\/v2\/media\/8900"}],"wp:attachment":[{"href":"https:\/\/www.promotio.sk\/sk\/wp-json\/wp\/v2\/media?parent=8899"}],"wp:term":[{"taxonomy":"product_cat","embeddable":true,"href":"https:\/\/www.promotio.sk\/sk\/wp-json\/wp\/v2\/product_cat?post=8899"},{"taxonomy":"product_tag","embeddable":true,"href":"https:\/\/www.promotio.sk\/sk\/wp-json\/wp\/v2\/product_tag?post=8899"}],"curies":[{"name":"wp","href":"https:\/\/api.w.org\/{rel}","templated":true}]}}