{"id":8839,"date":"2024-03-06T19:41:32","date_gmt":"2024-03-06T18:41:32","guid":{"rendered":"https:\/\/www.promotio.sk\/shop\/uncategorized\/sango\/"},"modified":"2024-03-06T19:43:20","modified_gmt":"2024-03-06T18:43:20","slug":"sango","status":"publish","type":"product","link":"https:\/\/www.promotio.sk\/sk\/shop\/promo-items\/writing_office\/office_accessories\/sango\/","title":{"rendered":"SANGO"},"content":{"rendered":"<p>Cylindrick\u00e9 puzdro z 600D RPET polyesteru v jednofarebn\u00fdch farb\u00e1ch a zodpovedaj\u00facim zipsom.<br \/>Zlo\u017eenie: Poli\u00e9ster reciclado RPET<\/p>","protected":false},"excerpt":{"rendered":"<p>Cylindrical case in 600D RPET polyester in plain colours and matching zipper.Composition: Poli\u00e9ster reciclado RPET<\/p>","protected":false},"featured_media":8840,"comment_status":"open","ping_status":"closed","template":"","meta":[],"product_cat":[41,39],"product_tag":[],"class_list":{"0":"post-8839","1":"product","2":"type-product","3":"status-publish","4":"has-post-thumbnail","6":"product_cat-office_accessories","7":"product_cat-writing_office","9":"first","10":"instock","11":"shipping-taxable","12":"purchasable","13":"product-type-variable"},"_links":{"self":[{"href":"https:\/\/www.promotio.sk\/sk\/wp-json\/wp\/v2\/product\/8839","targetHints":{"allow":["GET"]}}],"collection":[{"href":"https:\/\/www.promotio.sk\/sk\/wp-json\/wp\/v2\/product"}],"about":[{"href":"https:\/\/www.promotio.sk\/sk\/wp-json\/wp\/v2\/types\/product"}],"replies":[{"embeddable":true,"href":"https:\/\/www.promotio.sk\/sk\/wp-json\/wp\/v2\/comments?post=8839"}],"wp:featuredmedia":[{"embeddable":true,"href":"https:\/\/www.promotio.sk\/sk\/wp-json\/wp\/v2\/media\/8840"}],"wp:attachment":[{"href":"https:\/\/www.promotio.sk\/sk\/wp-json\/wp\/v2\/media?parent=8839"}],"wp:term":[{"taxonomy":"product_cat","embeddable":true,"href":"https:\/\/www.promotio.sk\/sk\/wp-json\/wp\/v2\/product_cat?post=8839"},{"taxonomy":"product_tag","embeddable":true,"href":"https:\/\/www.promotio.sk\/sk\/wp-json\/wp\/v2\/product_tag?post=8839"}],"curies":[{"name":"wp","href":"https:\/\/api.w.org\/{rel}","templated":true}]}}