{"id":8833,"date":"2024-03-06T19:40:56","date_gmt":"2024-03-06T18:40:56","guid":{"rendered":"https:\/\/www.promotio.sk\/shop\/uncategorized\/kewa\/"},"modified":"2024-03-06T19:41:26","modified_gmt":"2024-03-06T18:41:26","slug":"kewa","status":"publish","type":"product","link":"https:\/\/www.promotio.sk\/sk\/shop\/promo-items\/writing_office\/office_accessories\/kewa\/","title":{"rendered":"KEWA"},"content":{"rendered":"<p>Bavlnen\u00e9 puzdro 100% s hmotnos\u0165ou 180 g\/m\u00b2 so zipsom a zodpovedaj\u00facou rukov\u00e4\u0165ou predstavuje \u0161t\u00fdlov\u00fa a udr\u017eate\u013en\u00fa mo\u017enos\u0165 na ulo\u017eenie a prepravu va\u0161ich osobn\u00fdch vec\u00ed. Bavlna je pr\u00edrodn\u00fd a odoln\u00fd materi\u00e1l, ktor\u00fd je m\u00e4kk\u00fd na dotyk a poskytuje kvalitn\u00fd pocit.<br \/>\nV\u010faka zodpovedaj\u00facemu zipsu a \u0165ahu m\u00f4\u017eete pera\u010dn\u00edk jednoducho a bezpe\u010dne otv\u00e1ra\u0165 a zatv\u00e1ra\u0165, \u010d\u00edm ochr\u00e1nite svoje predmety a zabr\u00e1nite ich vypadnutiu. Zips sa hladko pos\u00fava, \u010do u\u013eah\u010duje r\u00fdchly pr\u00edstup k jeho obsahu.<br \/>\nPera\u010dn\u00edk je vyroben\u00fd z 180g\/m2 bavlny, ktor\u00e1 mu dod\u00e1va pevnos\u0165 a odolnos\u0165. M\u00f4\u017eete si by\u0165 ist\u00ed, \u017ee v tomto kvalitnom pera\u010dn\u00edku bud\u00fa va\u0161e veci chr\u00e1nen\u00e9.<br \/>\nBavlnen\u00fd pera\u010dn\u00edk je okrem funk\u010dnosti udr\u017eate\u013enou vo\u013ebou. Bavlna je obnovite\u013en\u00fd a biologicky odb\u00farate\u013en\u00fd materi\u00e1l, v\u010faka \u010domu je vo\u013ebou \u0161etrnou k \u017eivotn\u00e9mu prostrediu. V\u00fdberom tohto puzdra prispievate k zn\u00ed\u017eeniu plastov\u00e9ho odpadu a podporujete udr\u017eate\u013enej\u0161ie postupy.<br \/>Zlo\u017eenie: Algod\u00f3n<\/p>","protected":false},"excerpt":{"rendered":"<p>A 100% cotton 180 g\/m\u00b2 case with a zip and matching handle, it is a stylish and sustainable option for<\/p>","protected":false},"featured_media":8834,"comment_status":"open","ping_status":"closed","template":"","meta":[],"product_cat":[41,39],"product_tag":[],"class_list":{"0":"post-8833","1":"product","2":"type-product","3":"status-publish","4":"has-post-thumbnail","6":"product_cat-office_accessories","7":"product_cat-writing_office","9":"first","10":"instock","11":"shipping-taxable","12":"purchasable","13":"product-type-variable"},"_links":{"self":[{"href":"https:\/\/www.promotio.sk\/sk\/wp-json\/wp\/v2\/product\/8833","targetHints":{"allow":["GET"]}}],"collection":[{"href":"https:\/\/www.promotio.sk\/sk\/wp-json\/wp\/v2\/product"}],"about":[{"href":"https:\/\/www.promotio.sk\/sk\/wp-json\/wp\/v2\/types\/product"}],"replies":[{"embeddable":true,"href":"https:\/\/www.promotio.sk\/sk\/wp-json\/wp\/v2\/comments?post=8833"}],"wp:featuredmedia":[{"embeddable":true,"href":"https:\/\/www.promotio.sk\/sk\/wp-json\/wp\/v2\/media\/8834"}],"wp:attachment":[{"href":"https:\/\/www.promotio.sk\/sk\/wp-json\/wp\/v2\/media?parent=8833"}],"wp:term":[{"taxonomy":"product_cat","embeddable":true,"href":"https:\/\/www.promotio.sk\/sk\/wp-json\/wp\/v2\/product_cat?post=8833"},{"taxonomy":"product_tag","embeddable":true,"href":"https:\/\/www.promotio.sk\/sk\/wp-json\/wp\/v2\/product_tag?post=8833"}],"curies":[{"name":"wp","href":"https:\/\/api.w.org\/{rel}","templated":true}]}}