{"id":8819,"date":"2024-03-06T19:39:42","date_gmt":"2024-03-06T18:39:42","guid":{"rendered":"https:\/\/www.promotio.sk\/shop\/uncategorized\/minto\/"},"modified":"2024-03-07T09:34:50","modified_gmt":"2024-03-07T08:34:50","slug":"minto","status":"publish","type":"product","link":"https:\/\/www.promotio.sk\/sk\/shop\/promo-items\/writing_office\/office_accessories\/minto\/","title":{"rendered":"MINTO"},"content":{"rendered":"<p>Pera\u010dn\u00edk vyroben\u00fd z materi\u00e1lu RPET so zodpovedaj\u00facim zipsom a oto\u010dnou karab\u00ednou je dokonal\u00fdm doplnkom na bezpe\u010dn\u00e9 a organizovan\u00e9 pren\u00e1\u0161anie farebn\u00fdch ceruziek. Toto puzdro je vyroben\u00e9 z recyklovan\u00fdch materi\u00e1lov a demon\u0161truje v\u00e1\u0161 z\u00e1v\u00e4zok stara\u0165 sa o \u017eivotn\u00e9 prostredie.<br \/>\nV\u010faka zodpovedaj\u00facemu zipsu m\u00f4\u017eete puzdro na ceruzku \u013eahko a r\u00fdchlo otvori\u0165 a zatvori\u0165, \u010d\u00edm ochr\u00e1nite ceruzky a zabr\u00e1nite ich strate. Oto\u010dn\u00e1 karab\u00edna navy\u0161e umo\u017e\u0148uje pripevni\u0165 pera\u010dn\u00edk k batohu, ta\u0161ke alebo kdeko\u013evek inde, \u010d\u00edm poskytuje pohodlie a dostupnos\u0165.<br \/>\nPera\u010dn\u00edk obsahuje 8 farebn\u00fdch ceruziek, v\u010faka ktor\u00fdm m\u00f4\u017eete popusti\u0165 uzdu svojej kreativite kedyko\u013evek a kdeko\u013evek. Farebn\u00e9 ceruzky s\u00fa skvel\u00e9 na kreslenie, vyfarbovanie \u010di skicovanie a s t\u00fdmto puzdrom ich budete ma\u0165 v\u017edy po ruke.<br \/>\nPera\u010dn\u00edk je navy\u0161e dod\u00e1van\u00fd s orez\u00e1va\u010dom, v\u010faka ktor\u00e9mu bud\u00fa va\u0161e ceruzky v\u017edy ostr\u00e9 a pripraven\u00e9 na pou\u017eitie. S touto kombin\u00e1ciou puzdra, farebn\u00fdch ceruziek a str\u00fahadiel budete ma\u0165 v\u0161etko, \u010do potrebujete na vyjadrenie svojej kreativity farebn\u00fdm a \u017eiv\u00fdm sp\u00f4sobom.<br \/>Zlo\u017eenie: RPET<\/p>","protected":false},"excerpt":{"rendered":"<p>Pencil case made of RPET material with matching zip and swivel carabiner, it is the perfect accessory to carry your<\/p>","protected":false},"featured_media":8820,"comment_status":"open","ping_status":"closed","template":"","meta":[],"product_cat":[41,270,39],"product_tag":[],"class_list":{"0":"post-8819","1":"product","2":"type-product","3":"status-publish","4":"has-post-thumbnail","6":"product_cat-office_accessories","7":"product_cat-pensils","8":"product_cat-writing_office","10":"first","11":"instock","12":"shipping-taxable","13":"purchasable","14":"product-type-variable"},"_links":{"self":[{"href":"https:\/\/www.promotio.sk\/sk\/wp-json\/wp\/v2\/product\/8819","targetHints":{"allow":["GET"]}}],"collection":[{"href":"https:\/\/www.promotio.sk\/sk\/wp-json\/wp\/v2\/product"}],"about":[{"href":"https:\/\/www.promotio.sk\/sk\/wp-json\/wp\/v2\/types\/product"}],"replies":[{"embeddable":true,"href":"https:\/\/www.promotio.sk\/sk\/wp-json\/wp\/v2\/comments?post=8819"}],"wp:featuredmedia":[{"embeddable":true,"href":"https:\/\/www.promotio.sk\/sk\/wp-json\/wp\/v2\/media\/8820"}],"wp:attachment":[{"href":"https:\/\/www.promotio.sk\/sk\/wp-json\/wp\/v2\/media?parent=8819"}],"wp:term":[{"taxonomy":"product_cat","embeddable":true,"href":"https:\/\/www.promotio.sk\/sk\/wp-json\/wp\/v2\/product_cat?post=8819"},{"taxonomy":"product_tag","embeddable":true,"href":"https:\/\/www.promotio.sk\/sk\/wp-json\/wp\/v2\/product_tag?post=8819"}],"curies":[{"name":"wp","href":"https:\/\/api.w.org\/{rel}","templated":true}]}}