{"id":8803,"date":"2024-03-06T19:38:16","date_gmt":"2024-03-06T18:38:16","guid":{"rendered":"https:\/\/www.promotio.sk\/shop\/uncategorized\/sunte\/"},"modified":"2024-03-06T19:39:40","modified_gmt":"2024-03-06T18:39:40","slug":"sunte","status":"publish","type":"product","link":"https:\/\/www.promotio.sk\/sk\/shop\/promo-items\/writing_office\/office_accessories\/sunte\/","title":{"rendered":"SUNTE"},"content":{"rendered":"<p>Pera\u010dn\u00edk vyroben\u00fd z materi\u00e1lu RPET so zodpovedaj\u00facim zipsom je praktickou a udr\u017eate\u013enou mo\u017enos\u0165ou na usporiadanie a prepravu va\u0161ich osobn\u00fdch vec\u00ed. Materi\u00e1l RPET, ktor\u00fd poch\u00e1dza z recyklovan\u00fdch plastov\u00fdch flia\u0161, je ekologickou alternat\u00edvou, ktor\u00e1 prispieva k zni\u017eovaniu odpadu a starostlivosti o \u017eivotn\u00e9 prostredie.<br \/>\nPera\u010dn\u00edk m\u00e1 zodpovedaj\u00faci zips, ktor\u00fd zais\u0165uje bezpe\u010dn\u00e9 zatv\u00e1ranie a \u013eahk\u00fd pr\u00edstup k jeho obsahu. Zips sa hladko pos\u00fava bez zaseknutia a poskytuje pohodlie pri ka\u017edodennom pou\u017e\u00edvan\u00ed.<br \/>\nV\u010faka svojmu priestrann\u00e9mu a funk\u010dn\u00e9mu dizajnu v\u00e1m tento pera\u010dn\u00edk umo\u017e\u0148uje ulo\u017ei\u0165 a usporiada\u0165 per\u00e1, ceruzky, gumy, sponky alebo in\u00e9 drobn\u00e9 predmety, ktor\u00e9 si potrebujete vzia\u0165 so sebou. \u010ci u\u017e v \u0161kole, v kancel\u00e1rii alebo na cest\u00e1ch, tento pera\u010dn\u00edk v\u00e1m pom\u00f4\u017ee udr\u017eiava\u0165 poriadok a ochranu va\u0161ich predmetov.<br \/>\nPera\u010dn\u00edk vyroben\u00fd z RPET so zodpovedaj\u00facim zipsom okrem svojej funk\u010dnosti odr\u00e1\u017ea aj v\u00e1\u0161 z\u00e1v\u00e4zok k starostlivosti o \u017eivotn\u00e9 prostredie. V\u00fdberom produktu vyroben\u00e9ho z recyklovan\u00fdch materi\u00e1lov akt\u00edvne prispievate k zn\u00ed\u017eeniu plastov\u00e9ho odpadu a podpore udr\u017eate\u013enej\u0161\u00edch postupov.<br \/>Zlo\u017eenie: RPET<\/p>","protected":false},"excerpt":{"rendered":"<p>Pencil case made of RPET material with matching zip, it is a practical and sustainable option to organize and transport<\/p>","protected":false},"featured_media":8804,"comment_status":"open","ping_status":"closed","template":"","meta":[],"product_cat":[41,39],"product_tag":[],"class_list":{"0":"post-8803","1":"product","2":"type-product","3":"status-publish","4":"has-post-thumbnail","6":"product_cat-office_accessories","7":"product_cat-writing_office","9":"first","10":"instock","11":"shipping-taxable","12":"purchasable","13":"product-type-variable"},"_links":{"self":[{"href":"https:\/\/www.promotio.sk\/sk\/wp-json\/wp\/v2\/product\/8803","targetHints":{"allow":["GET"]}}],"collection":[{"href":"https:\/\/www.promotio.sk\/sk\/wp-json\/wp\/v2\/product"}],"about":[{"href":"https:\/\/www.promotio.sk\/sk\/wp-json\/wp\/v2\/types\/product"}],"replies":[{"embeddable":true,"href":"https:\/\/www.promotio.sk\/sk\/wp-json\/wp\/v2\/comments?post=8803"}],"wp:featuredmedia":[{"embeddable":true,"href":"https:\/\/www.promotio.sk\/sk\/wp-json\/wp\/v2\/media\/8804"}],"wp:attachment":[{"href":"https:\/\/www.promotio.sk\/sk\/wp-json\/wp\/v2\/media?parent=8803"}],"wp:term":[{"taxonomy":"product_cat","embeddable":true,"href":"https:\/\/www.promotio.sk\/sk\/wp-json\/wp\/v2\/product_cat?post=8803"},{"taxonomy":"product_tag","embeddable":true,"href":"https:\/\/www.promotio.sk\/sk\/wp-json\/wp\/v2\/product_tag?post=8803"}],"curies":[{"name":"wp","href":"https:\/\/api.w.org\/{rel}","templated":true}]}}