{"id":8795,"date":"2024-03-06T19:35:59","date_gmt":"2024-03-06T18:35:59","guid":{"rendered":"https:\/\/www.promotio.sk\/shop\/uncategorized\/promet\/"},"modified":"2024-03-06T19:38:12","modified_gmt":"2024-03-06T18:38:12","slug":"promet","status":"publish","type":"product","link":"https:\/\/www.promotio.sk\/sk\/shop\/promo-items\/writing_office\/pens\/promet\/","title":{"rendered":"PROMET"},"content":{"rendered":"<p>Stojan na ceruzky s integrovanou bezdr\u00f4tovou nab\u00edja\u010dkou. Vyroben\u00e9 z pr\u00edrodn\u00e9ho korku. Obsahuje 2 \u010fal\u0161ie USB porty na zadnej strane s v\u00fdkonom 5W. Vr\u00e1tane k\u00e1bla.<br \/>Zlo\u017eenie: pr\u00edrodn\u00fd korok.<br \/>Pozn\u00e1mky: Micro USB vstup: DC5V\/2A<br \/>\nBezdr\u00f4tov\u00fd v\u00fdkon: 5W<br \/>\nUSB v\u00fdstup: DC 5V\/2A<br \/>\nUSB k\u00e1bel s\u00fa\u010das\u0165ou balenia.<br \/>\nN\u00e1vod na pou\u017eitie dostupn\u00fd v 4 jazykoch: \u0161paniel\u010dina, angli\u010dtina, franc\u00faz\u0161tina a talian\u010dina. Prezent\u00e1cia v ekologickom dizajne.<\/p>","protected":false},"excerpt":{"rendered":"<p>Pencil holder with integrated wireless charger. Made of natural cork. Includes 2 additional USB ports in the back, with a<\/p>","protected":false},"featured_media":8796,"comment_status":"open","ping_status":"closed","template":"","meta":[],"product_cat":[205,39],"product_tag":[],"class_list":{"0":"post-8795","1":"product","2":"type-product","3":"status-publish","4":"has-post-thumbnail","6":"product_cat-pens","7":"product_cat-writing_office","9":"first","10":"instock","11":"shipping-taxable","12":"purchasable","13":"product-type-variable"},"_links":{"self":[{"href":"https:\/\/www.promotio.sk\/sk\/wp-json\/wp\/v2\/product\/8795","targetHints":{"allow":["GET"]}}],"collection":[{"href":"https:\/\/www.promotio.sk\/sk\/wp-json\/wp\/v2\/product"}],"about":[{"href":"https:\/\/www.promotio.sk\/sk\/wp-json\/wp\/v2\/types\/product"}],"replies":[{"embeddable":true,"href":"https:\/\/www.promotio.sk\/sk\/wp-json\/wp\/v2\/comments?post=8795"}],"wp:featuredmedia":[{"embeddable":true,"href":"https:\/\/www.promotio.sk\/sk\/wp-json\/wp\/v2\/media\/8796"}],"wp:attachment":[{"href":"https:\/\/www.promotio.sk\/sk\/wp-json\/wp\/v2\/media?parent=8795"}],"wp:term":[{"taxonomy":"product_cat","embeddable":true,"href":"https:\/\/www.promotio.sk\/sk\/wp-json\/wp\/v2\/product_cat?post=8795"},{"taxonomy":"product_tag","embeddable":true,"href":"https:\/\/www.promotio.sk\/sk\/wp-json\/wp\/v2\/product_tag?post=8795"}],"curies":[{"name":"wp","href":"https:\/\/api.w.org\/{rel}","templated":true}]}}