{"id":8787,"date":"2024-03-06T19:35:07","date_gmt":"2024-03-06T18:35:07","guid":{"rendered":"https:\/\/www.promotio.sk\/shop\/uncategorized\/glen\/"},"modified":"2024-03-06T19:35:57","modified_gmt":"2024-03-06T18:35:57","slug":"glen","status":"publish","type":"product","link":"https:\/\/www.promotio.sk\/sk\/shop\/promo-items\/writing_office\/diaries_calendars\/glen\/","title":{"rendered":"GLEN"},"content":{"rendered":"<p>Magnetick\u00fd kalend\u00e1r s listami, ktor\u00e9 sa daj\u00fa \u013eahko odtrhn\u00fa\u0165. Rozlo\u017eenie skuto\u010dn\u00e9ho mesiaca. \u0160irok\u00fd priestor pre tla\u010d.<br \/>Zlo\u017eenie: papier<br \/>Pozn\u00e1mky: Jazyky: \u0161paniel\u010dina a angli\u010dtina.<\/p>","protected":false},"excerpt":{"rendered":"<p>Magnet calendar with easy-to-rip sheets. Actual month layout. Wide space for printing.Composition: PaperRemarks: Languages: Spanish and English.<\/p>","protected":false},"featured_media":8788,"comment_status":"open","ping_status":"closed","template":"","meta":[],"product_cat":[204,39],"product_tag":[],"class_list":{"0":"post-8787","1":"product","2":"type-product","3":"status-publish","4":"has-post-thumbnail","6":"product_cat-diaries_calendars","7":"product_cat-writing_office","9":"first","10":"instock","11":"shipping-taxable","12":"purchasable","13":"product-type-variable"},"_links":{"self":[{"href":"https:\/\/www.promotio.sk\/sk\/wp-json\/wp\/v2\/product\/8787","targetHints":{"allow":["GET"]}}],"collection":[{"href":"https:\/\/www.promotio.sk\/sk\/wp-json\/wp\/v2\/product"}],"about":[{"href":"https:\/\/www.promotio.sk\/sk\/wp-json\/wp\/v2\/types\/product"}],"replies":[{"embeddable":true,"href":"https:\/\/www.promotio.sk\/sk\/wp-json\/wp\/v2\/comments?post=8787"}],"wp:featuredmedia":[{"embeddable":true,"href":"https:\/\/www.promotio.sk\/sk\/wp-json\/wp\/v2\/media\/8788"}],"wp:attachment":[{"href":"https:\/\/www.promotio.sk\/sk\/wp-json\/wp\/v2\/media?parent=8787"}],"wp:term":[{"taxonomy":"product_cat","embeddable":true,"href":"https:\/\/www.promotio.sk\/sk\/wp-json\/wp\/v2\/product_cat?post=8787"},{"taxonomy":"product_tag","embeddable":true,"href":"https:\/\/www.promotio.sk\/sk\/wp-json\/wp\/v2\/product_tag?post=8787"}],"curies":[{"name":"wp","href":"https:\/\/api.w.org\/{rel}","templated":true}]}}