{"id":8709,"date":"2024-03-06T19:28:21","date_gmt":"2024-03-06T18:28:21","guid":{"rendered":"https:\/\/www.promotio.sk\/shop\/uncategorized\/charran\/"},"modified":"2024-03-06T19:29:53","modified_gmt":"2024-03-06T18:29:53","slug":"charran","status":"publish","type":"product","link":"https:\/\/www.promotio.sk\/sk\/shop\/promo-items\/writing_office\/office_accessories\/charran\/","title":{"rendered":"CHARRAN"},"content":{"rendered":"<p>Ta\u0161ka na dokumenty zo 600D polyesteru v r\u00f4znych farb\u00e1ch s rukov\u00e4\u0165ou na pren\u00e1\u0161anie a zodpovedaj\u00facim zipsom.<br \/>Zlo\u017eenie: 600D polyester.<\/p>","protected":false},"excerpt":{"rendered":"<p>Document bag in 600D polyester in different colours with carry handle and matching zipper.Composition: 600D polyester.<\/p>","protected":false},"featured_media":8710,"comment_status":"open","ping_status":"closed","template":"","meta":[],"product_cat":[41,39],"product_tag":[],"class_list":{"0":"post-8709","1":"product","2":"type-product","3":"status-publish","4":"has-post-thumbnail","6":"product_cat-office_accessories","7":"product_cat-writing_office","9":"first","10":"instock","11":"shipping-taxable","12":"purchasable","13":"product-type-variable"},"_links":{"self":[{"href":"https:\/\/www.promotio.sk\/sk\/wp-json\/wp\/v2\/product\/8709","targetHints":{"allow":["GET"]}}],"collection":[{"href":"https:\/\/www.promotio.sk\/sk\/wp-json\/wp\/v2\/product"}],"about":[{"href":"https:\/\/www.promotio.sk\/sk\/wp-json\/wp\/v2\/types\/product"}],"replies":[{"embeddable":true,"href":"https:\/\/www.promotio.sk\/sk\/wp-json\/wp\/v2\/comments?post=8709"}],"wp:featuredmedia":[{"embeddable":true,"href":"https:\/\/www.promotio.sk\/sk\/wp-json\/wp\/v2\/media\/8710"}],"wp:attachment":[{"href":"https:\/\/www.promotio.sk\/sk\/wp-json\/wp\/v2\/media?parent=8709"}],"wp:term":[{"taxonomy":"product_cat","embeddable":true,"href":"https:\/\/www.promotio.sk\/sk\/wp-json\/wp\/v2\/product_cat?post=8709"},{"taxonomy":"product_tag","embeddable":true,"href":"https:\/\/www.promotio.sk\/sk\/wp-json\/wp\/v2\/product_tag?post=8709"}],"curies":[{"name":"wp","href":"https:\/\/api.w.org\/{rel}","templated":true}]}}