{"id":8678,"date":"2024-03-06T19:25:48","date_gmt":"2024-03-06T18:25:48","guid":{"rendered":"https:\/\/www.promotio.sk\/shop\/uncategorized\/lora\/"},"modified":"2024-03-06T19:27:18","modified_gmt":"2024-03-06T18:27:18","slug":"lora","status":"publish","type":"product","link":"https:\/\/www.promotio.sk\/sk\/shop\/promo-items\/writing_office\/office_accessories\/lora\/","title":{"rendered":"LORA"},"content":{"rendered":"<p>Polstrovan\u00e1 ta\u0161ka na dokumenty pre v\u00e1\u0161 notebook z m\u00e4kk\u00e9ho 600D polyesteru s vonkaj\u0161\u00edm vreckom. Zodpovedaj\u00face rukov\u00e4te a nastavite\u013en\u00fd ramenn\u00fd popruh s karab\u00ednou.<br \/>Zlo\u017eenie: 600D polyester.<\/p>","protected":false},"excerpt":{"rendered":"<p>Padded document bag for your laptop in soft 600D polyester with exterior pocket. Matching carry handles and adjustable shoulder strap<\/p>","protected":false},"featured_media":8679,"comment_status":"open","ping_status":"closed","template":"","meta":[],"product_cat":[41,39],"product_tag":[],"class_list":{"0":"post-8678","1":"product","2":"type-product","3":"status-publish","4":"has-post-thumbnail","6":"product_cat-office_accessories","7":"product_cat-writing_office","9":"first","10":"instock","11":"shipping-taxable","12":"purchasable","13":"product-type-variable"},"_links":{"self":[{"href":"https:\/\/www.promotio.sk\/sk\/wp-json\/wp\/v2\/product\/8678","targetHints":{"allow":["GET"]}}],"collection":[{"href":"https:\/\/www.promotio.sk\/sk\/wp-json\/wp\/v2\/product"}],"about":[{"href":"https:\/\/www.promotio.sk\/sk\/wp-json\/wp\/v2\/types\/product"}],"replies":[{"embeddable":true,"href":"https:\/\/www.promotio.sk\/sk\/wp-json\/wp\/v2\/comments?post=8678"}],"wp:featuredmedia":[{"embeddable":true,"href":"https:\/\/www.promotio.sk\/sk\/wp-json\/wp\/v2\/media\/8679"}],"wp:attachment":[{"href":"https:\/\/www.promotio.sk\/sk\/wp-json\/wp\/v2\/media?parent=8678"}],"wp:term":[{"taxonomy":"product_cat","embeddable":true,"href":"https:\/\/www.promotio.sk\/sk\/wp-json\/wp\/v2\/product_cat?post=8678"},{"taxonomy":"product_tag","embeddable":true,"href":"https:\/\/www.promotio.sk\/sk\/wp-json\/wp\/v2\/product_tag?post=8678"}],"curies":[{"name":"wp","href":"https:\/\/api.w.org\/{rel}","templated":true}]}}