{"id":8647,"date":"2024-03-06T19:22:59","date_gmt":"2024-03-06T18:22:59","guid":{"rendered":"https:\/\/www.promotio.sk\/shop\/uncategorized\/citix\/"},"modified":"2024-03-06T19:24:51","modified_gmt":"2024-03-06T18:24:51","slug":"citix","status":"publish","type":"product","link":"https:\/\/www.promotio.sk\/sk\/shop\/promo-items\/writing_office\/pens\/citix\/","title":{"rendered":"CITIX"},"content":{"rendered":"<p>Reklamn\u00e9 gu\u013e\u00f4\u010dkov\u00e9 pero so zodpovedaj\u00facim tla\u010didlom a hrotom v dvojfarebnom preveden\u00ed. Objavte na\u0161u \u0161irok\u00fa \u0161k\u00e1lu farieb.<br \/>Pozn\u00e1mky: Modr\u00fd atrament.<\/p>","protected":false},"excerpt":{"rendered":"<p>Promotional ball pen with matching push button and tip in a two-colour finish. Discover our wide range of colours.Remarks: Blue<\/p>","protected":false},"featured_media":8648,"comment_status":"open","ping_status":"closed","template":"","meta":[],"product_cat":[205,39],"product_tag":[],"class_list":{"0":"post-8647","1":"product","2":"type-product","3":"status-publish","4":"has-post-thumbnail","6":"product_cat-pens","7":"product_cat-writing_office","9":"first","10":"instock","11":"shipping-taxable","12":"purchasable","13":"product-type-variable"},"_links":{"self":[{"href":"https:\/\/www.promotio.sk\/sk\/wp-json\/wp\/v2\/product\/8647","targetHints":{"allow":["GET"]}}],"collection":[{"href":"https:\/\/www.promotio.sk\/sk\/wp-json\/wp\/v2\/product"}],"about":[{"href":"https:\/\/www.promotio.sk\/sk\/wp-json\/wp\/v2\/types\/product"}],"replies":[{"embeddable":true,"href":"https:\/\/www.promotio.sk\/sk\/wp-json\/wp\/v2\/comments?post=8647"}],"wp:featuredmedia":[{"embeddable":true,"href":"https:\/\/www.promotio.sk\/sk\/wp-json\/wp\/v2\/media\/8648"}],"wp:attachment":[{"href":"https:\/\/www.promotio.sk\/sk\/wp-json\/wp\/v2\/media?parent=8647"}],"wp:term":[{"taxonomy":"product_cat","embeddable":true,"href":"https:\/\/www.promotio.sk\/sk\/wp-json\/wp\/v2\/product_cat?post=8647"},{"taxonomy":"product_tag","embeddable":true,"href":"https:\/\/www.promotio.sk\/sk\/wp-json\/wp\/v2\/product_tag?post=8647"}],"curies":[{"name":"wp","href":"https:\/\/api.w.org\/{rel}","templated":true}]}}