{"id":8613,"date":"2024-03-06T19:19:26","date_gmt":"2024-03-06T18:19:26","guid":{"rendered":"https:\/\/www.promotio.sk\/shop\/uncategorized\/dante\/"},"modified":"2024-03-06T19:21:32","modified_gmt":"2024-03-06T18:21:32","slug":"dante","status":"publish","type":"product","link":"https:\/\/www.promotio.sk\/sk\/shop\/promo-items\/writing_office\/pens\/dante\/","title":{"rendered":"DANTE"},"content":{"rendered":"<p>ABS gu\u013e\u00f4\u010dkov\u00e9 pero s tla\u010didlom. Telo v \u0161irokej \u0161k\u00e1le farieb s pohodln\u00fdm \u00fachopom. Detaily v \u010diernej a kovovej farbe.<br \/>\n<br \/>Zlo\u017eenie: ABS<br \/>Pozn\u00e1mky: Modr\u00fd atrament.<\/p>","protected":false},"excerpt":{"rendered":"<p>ABS ball pen with push button. Body in a wide range of colours with comfortable grip. Details in black and<\/p>","protected":false},"featured_media":8614,"comment_status":"open","ping_status":"closed","template":"","meta":[],"product_cat":[205,39],"product_tag":[],"class_list":{"0":"post-8613","1":"product","2":"type-product","3":"status-publish","4":"has-post-thumbnail","6":"product_cat-pens","7":"product_cat-writing_office","9":"first","10":"instock","11":"shipping-taxable","12":"purchasable","13":"product-type-variable"},"_links":{"self":[{"href":"https:\/\/www.promotio.sk\/sk\/wp-json\/wp\/v2\/product\/8613","targetHints":{"allow":["GET"]}}],"collection":[{"href":"https:\/\/www.promotio.sk\/sk\/wp-json\/wp\/v2\/product"}],"about":[{"href":"https:\/\/www.promotio.sk\/sk\/wp-json\/wp\/v2\/types\/product"}],"replies":[{"embeddable":true,"href":"https:\/\/www.promotio.sk\/sk\/wp-json\/wp\/v2\/comments?post=8613"}],"wp:featuredmedia":[{"embeddable":true,"href":"https:\/\/www.promotio.sk\/sk\/wp-json\/wp\/v2\/media\/8614"}],"wp:attachment":[{"href":"https:\/\/www.promotio.sk\/sk\/wp-json\/wp\/v2\/media?parent=8613"}],"wp:term":[{"taxonomy":"product_cat","embeddable":true,"href":"https:\/\/www.promotio.sk\/sk\/wp-json\/wp\/v2\/product_cat?post=8613"},{"taxonomy":"product_tag","embeddable":true,"href":"https:\/\/www.promotio.sk\/sk\/wp-json\/wp\/v2\/product_tag?post=8613"}],"curies":[{"name":"wp","href":"https:\/\/api.w.org\/{rel}","templated":true}]}}