{"id":8451,"date":"2024-03-06T19:02:15","date_gmt":"2024-03-06T18:02:15","guid":{"rendered":"https:\/\/www.promotio.sk\/shop\/uncategorized\/conwi\/"},"modified":"2024-03-06T19:04:15","modified_gmt":"2024-03-06T18:04:15","slug":"conwi","status":"publish","type":"product","link":"https:\/\/www.promotio.sk\/sk\/shop\/promo-items\/writing_office\/pens\/conwi\/","title":{"rendered":"CONWI"},"content":{"rendered":"<p>Gu\u013e\u00f4\u010dkov\u00e9 pero s telom zo strieborn\u00e9ho ABS a m\u00e4kk\u00fdm \u00fachopom v priesvitnej farbe. <br \/>Zlo\u017eenie: ABS<br \/>Pozn\u00e1mky: \u010cierny atrament.<\/p>","protected":false},"excerpt":{"rendered":"<p>Ball pen with body in silver ABS and soft grip in translucent colour. Composition: ABSRemarks: Black ink.<\/p>","protected":false},"featured_media":8452,"comment_status":"open","ping_status":"closed","template":"","meta":[],"product_cat":[205,39],"product_tag":[],"class_list":{"0":"post-8451","1":"product","2":"type-product","3":"status-publish","4":"has-post-thumbnail","6":"product_cat-pens","7":"product_cat-writing_office","9":"first","10":"instock","11":"shipping-taxable","12":"purchasable","13":"product-type-variable"},"_links":{"self":[{"href":"https:\/\/www.promotio.sk\/sk\/wp-json\/wp\/v2\/product\/8451","targetHints":{"allow":["GET"]}}],"collection":[{"href":"https:\/\/www.promotio.sk\/sk\/wp-json\/wp\/v2\/product"}],"about":[{"href":"https:\/\/www.promotio.sk\/sk\/wp-json\/wp\/v2\/types\/product"}],"replies":[{"embeddable":true,"href":"https:\/\/www.promotio.sk\/sk\/wp-json\/wp\/v2\/comments?post=8451"}],"wp:featuredmedia":[{"embeddable":true,"href":"https:\/\/www.promotio.sk\/sk\/wp-json\/wp\/v2\/media\/8452"}],"wp:attachment":[{"href":"https:\/\/www.promotio.sk\/sk\/wp-json\/wp\/v2\/media?parent=8451"}],"wp:term":[{"taxonomy":"product_cat","embeddable":true,"href":"https:\/\/www.promotio.sk\/sk\/wp-json\/wp\/v2\/product_cat?post=8451"},{"taxonomy":"product_tag","embeddable":true,"href":"https:\/\/www.promotio.sk\/sk\/wp-json\/wp\/v2\/product_tag?post=8451"}],"curies":[{"name":"wp","href":"https:\/\/api.w.org\/{rel}","templated":true}]}}