{"id":8444,"date":"2024-03-06T19:01:38","date_gmt":"2024-03-06T18:01:38","guid":{"rendered":"https:\/\/www.promotio.sk\/shop\/uncategorized\/bodoni\/"},"modified":"2024-03-06T19:02:12","modified_gmt":"2024-03-06T18:02:12","slug":"bodoni","status":"publish","type":"product","link":"https:\/\/www.promotio.sk\/sk\/shop\/promo-items\/writing_office\/pens\/bodoni\/","title":{"rendered":"BODONI"},"content":{"rendered":"<p>Fantastick\u00e9 gu\u013e\u00f4\u010dkov\u00e9 pero vyroben\u00e9 z bambusu s kovov\u00fdmi detailmi. Prezent\u00e1cia v bambusovom puzdre s magnetick\u00fdm zap\u00ednan\u00edm. <br \/>Zlo\u017eenie: bambus<br \/>Pozn\u00e1mky: Modr\u00fd atrament.<\/p>","protected":false},"excerpt":{"rendered":"<p>Fantastic twist ball pen made of bamboo with metallic details. Presentation in a bamboo case with magnetic clasp. Composition: BambooRemarks:<\/p>","protected":false},"featured_media":8445,"comment_status":"open","ping_status":"closed","template":"","meta":[],"product_cat":[205,39],"product_tag":[],"class_list":{"0":"post-8444","1":"product","2":"type-product","3":"status-publish","4":"has-post-thumbnail","6":"product_cat-pens","7":"product_cat-writing_office","9":"first","10":"instock","11":"shipping-taxable","12":"purchasable","13":"product-type-variable"},"_links":{"self":[{"href":"https:\/\/www.promotio.sk\/sk\/wp-json\/wp\/v2\/product\/8444","targetHints":{"allow":["GET"]}}],"collection":[{"href":"https:\/\/www.promotio.sk\/sk\/wp-json\/wp\/v2\/product"}],"about":[{"href":"https:\/\/www.promotio.sk\/sk\/wp-json\/wp\/v2\/types\/product"}],"replies":[{"embeddable":true,"href":"https:\/\/www.promotio.sk\/sk\/wp-json\/wp\/v2\/comments?post=8444"}],"wp:featuredmedia":[{"embeddable":true,"href":"https:\/\/www.promotio.sk\/sk\/wp-json\/wp\/v2\/media\/8445"}],"wp:attachment":[{"href":"https:\/\/www.promotio.sk\/sk\/wp-json\/wp\/v2\/media?parent=8444"}],"wp:term":[{"taxonomy":"product_cat","embeddable":true,"href":"https:\/\/www.promotio.sk\/sk\/wp-json\/wp\/v2\/product_cat?post=8444"},{"taxonomy":"product_tag","embeddable":true,"href":"https:\/\/www.promotio.sk\/sk\/wp-json\/wp\/v2\/product_tag?post=8444"}],"curies":[{"name":"wp","href":"https:\/\/api.w.org\/{rel}","templated":true}]}}