{"id":8432,"date":"2024-03-06T19:00:42","date_gmt":"2024-03-06T18:00:42","guid":{"rendered":"https:\/\/www.promotio.sk\/shop\/uncategorized\/burton\/"},"modified":"2024-03-06T19:01:36","modified_gmt":"2024-03-06T18:01:36","slug":"burton","status":"publish","type":"product","link":"https:\/\/www.promotio.sk\/sk\/shop\/promo-items\/writing_office\/office_accessories\/burton\/","title":{"rendered":"BURTON"},"content":{"rendered":"<p>Kart\u00f3nov\u00fd obal s okienkom na per\u00e1.<br \/>Zlo\u017eenie: Cart\u00f3n<\/p>","protected":false},"excerpt":{"rendered":"<p>Cardboard sleeve with window for pens.Composition: Cart\u00f3n<\/p>","protected":false},"featured_media":8433,"comment_status":"open","ping_status":"closed","template":"","meta":[],"product_cat":[41,39],"product_tag":[],"class_list":{"0":"post-8432","1":"product","2":"type-product","3":"status-publish","4":"has-post-thumbnail","6":"product_cat-office_accessories","7":"product_cat-writing_office","9":"first","10":"instock","11":"shipping-taxable","12":"purchasable","13":"product-type-variable"},"_links":{"self":[{"href":"https:\/\/www.promotio.sk\/sk\/wp-json\/wp\/v2\/product\/8432","targetHints":{"allow":["GET"]}}],"collection":[{"href":"https:\/\/www.promotio.sk\/sk\/wp-json\/wp\/v2\/product"}],"about":[{"href":"https:\/\/www.promotio.sk\/sk\/wp-json\/wp\/v2\/types\/product"}],"replies":[{"embeddable":true,"href":"https:\/\/www.promotio.sk\/sk\/wp-json\/wp\/v2\/comments?post=8432"}],"wp:featuredmedia":[{"embeddable":true,"href":"https:\/\/www.promotio.sk\/sk\/wp-json\/wp\/v2\/media\/8433"}],"wp:attachment":[{"href":"https:\/\/www.promotio.sk\/sk\/wp-json\/wp\/v2\/media?parent=8432"}],"wp:term":[{"taxonomy":"product_cat","embeddable":true,"href":"https:\/\/www.promotio.sk\/sk\/wp-json\/wp\/v2\/product_cat?post=8432"},{"taxonomy":"product_tag","embeddable":true,"href":"https:\/\/www.promotio.sk\/sk\/wp-json\/wp\/v2\/product_tag?post=8432"}],"curies":[{"name":"wp","href":"https:\/\/api.w.org\/{rel}","templated":true}]}}