{"id":8416,"date":"2024-03-06T18:59:18","date_gmt":"2024-03-06T17:59:18","guid":{"rendered":"https:\/\/www.promotio.sk\/shop\/uncategorized\/suver\/"},"modified":"2024-03-06T18:59:56","modified_gmt":"2024-03-06T17:59:56","slug":"suver","status":"publish","type":"product","link":"https:\/\/www.promotio.sk\/sk\/shop\/promo-items\/writing_office\/pens\/suver\/","title":{"rendered":"SUVER"},"content":{"rendered":"<p>Reklamn\u00e9 rollery z pr\u00edrodn\u00e9ho korku a ocele. Prezent\u00e1cia v elegantnom korkovom kombinovanom puzdre s polstrovanou vn\u00fatornou pod\u0161\u00edvkou.<br \/>\n<br \/>Zlo\u017eenie: pr\u00edrodn\u00fd korok.<br \/>Pozn\u00e1mky: Modr\u00fd atrament. <\/p>","protected":false},"excerpt":{"rendered":"<p>Promotional roller pen in natural cork and steel. Presentation in an elegant cork combined case with padded inner lining. Composition:<\/p>","protected":false},"featured_media":8417,"comment_status":"open","ping_status":"closed","template":"","meta":[],"product_cat":[205,39],"product_tag":[],"class_list":{"0":"post-8416","1":"product","2":"type-product","3":"status-publish","4":"has-post-thumbnail","6":"product_cat-pens","7":"product_cat-writing_office","9":"first","10":"instock","11":"shipping-taxable","12":"purchasable","13":"product-type-variable"},"_links":{"self":[{"href":"https:\/\/www.promotio.sk\/sk\/wp-json\/wp\/v2\/product\/8416","targetHints":{"allow":["GET"]}}],"collection":[{"href":"https:\/\/www.promotio.sk\/sk\/wp-json\/wp\/v2\/product"}],"about":[{"href":"https:\/\/www.promotio.sk\/sk\/wp-json\/wp\/v2\/types\/product"}],"replies":[{"embeddable":true,"href":"https:\/\/www.promotio.sk\/sk\/wp-json\/wp\/v2\/comments?post=8416"}],"wp:featuredmedia":[{"embeddable":true,"href":"https:\/\/www.promotio.sk\/sk\/wp-json\/wp\/v2\/media\/8417"}],"wp:attachment":[{"href":"https:\/\/www.promotio.sk\/sk\/wp-json\/wp\/v2\/media?parent=8416"}],"wp:term":[{"taxonomy":"product_cat","embeddable":true,"href":"https:\/\/www.promotio.sk\/sk\/wp-json\/wp\/v2\/product_cat?post=8416"},{"taxonomy":"product_tag","embeddable":true,"href":"https:\/\/www.promotio.sk\/sk\/wp-json\/wp\/v2\/product_tag?post=8416"}],"curies":[{"name":"wp","href":"https:\/\/api.w.org\/{rel}","templated":true}]}}