{"id":8409,"date":"2024-03-06T18:58:39","date_gmt":"2024-03-06T17:58:39","guid":{"rendered":"https:\/\/www.promotio.sk\/shop\/uncategorized\/alton\/"},"modified":"2024-03-06T18:59:15","modified_gmt":"2024-03-06T17:59:15","slug":"alton","status":"publish","type":"product","link":"https:\/\/www.promotio.sk\/sk\/shop\/promo-items\/writing_office\/pens\/alton\/","title":{"rendered":"ALTON"},"content":{"rendered":"<p>Reklamn\u00e9 oto\u010dn\u00e9 gu\u013e\u00f4\u010dkov\u00e9 pero s telom z pr\u00edrodn\u00e9ho korku a ocele. Chr\u00f3movan\u00e9 detaily. Modr\u00fd atrament. <br \/>Zlo\u017eenie: pr\u00edrodn\u00fd korok.<br \/>Pozn\u00e1mky: Prezent\u00e1cia v ekologickom dizajnovom boxe.<\/p>","protected":false},"excerpt":{"rendered":"<p>Promotional twist ball pen with body in natural cork and steel. Chrome plated details. Blue ink. Composition: Natural cork.Remarks: Presentation<\/p>","protected":false},"featured_media":8410,"comment_status":"open","ping_status":"closed","template":"","meta":[],"product_cat":[205,39],"product_tag":[],"class_list":{"0":"post-8409","1":"product","2":"type-product","3":"status-publish","4":"has-post-thumbnail","6":"product_cat-pens","7":"product_cat-writing_office","9":"first","10":"instock","11":"shipping-taxable","12":"purchasable","13":"product-type-variable"},"_links":{"self":[{"href":"https:\/\/www.promotio.sk\/sk\/wp-json\/wp\/v2\/product\/8409","targetHints":{"allow":["GET"]}}],"collection":[{"href":"https:\/\/www.promotio.sk\/sk\/wp-json\/wp\/v2\/product"}],"about":[{"href":"https:\/\/www.promotio.sk\/sk\/wp-json\/wp\/v2\/types\/product"}],"replies":[{"embeddable":true,"href":"https:\/\/www.promotio.sk\/sk\/wp-json\/wp\/v2\/comments?post=8409"}],"wp:featuredmedia":[{"embeddable":true,"href":"https:\/\/www.promotio.sk\/sk\/wp-json\/wp\/v2\/media\/8410"}],"wp:attachment":[{"href":"https:\/\/www.promotio.sk\/sk\/wp-json\/wp\/v2\/media?parent=8409"}],"wp:term":[{"taxonomy":"product_cat","embeddable":true,"href":"https:\/\/www.promotio.sk\/sk\/wp-json\/wp\/v2\/product_cat?post=8409"},{"taxonomy":"product_tag","embeddable":true,"href":"https:\/\/www.promotio.sk\/sk\/wp-json\/wp\/v2\/product_tag?post=8409"}],"curies":[{"name":"wp","href":"https:\/\/api.w.org\/{rel}","templated":true}]}}