{"id":8376,"date":"2024-03-06T18:55:58","date_gmt":"2024-03-06T17:55:58","guid":{"rendered":"https:\/\/www.promotio.sk\/shop\/uncategorized\/pirgo\/"},"modified":"2024-03-06T18:56:31","modified_gmt":"2024-03-06T17:56:31","slug":"pirgo","status":"publish","type":"product","link":"https:\/\/www.promotio.sk\/sk\/shop\/promo-items\/writing_office\/pens\/pirgo\/","title":{"rendered":"PIRGO"},"content":{"rendered":"<p>Roller s bambusov\u00fdm telom a kovov\u00fdmi detailmi. Jumbo n\u00e1pl\u0148 s modr\u00fdm atramentom.<br \/>Zlo\u017eenie: bambus<\/p>","protected":false},"excerpt":{"rendered":"<p>Roller pen with bamboo body and metal details. Jumbo refill in blue ink.Composition: Bamboo<\/p>","protected":false},"featured_media":8377,"comment_status":"open","ping_status":"closed","template":"","meta":[],"product_cat":[205,39],"product_tag":[],"class_list":{"0":"post-8376","1":"product","2":"type-product","3":"status-publish","4":"has-post-thumbnail","6":"product_cat-pens","7":"product_cat-writing_office","9":"first","10":"instock","11":"shipping-taxable","12":"purchasable","13":"product-type-variable"},"_links":{"self":[{"href":"https:\/\/www.promotio.sk\/sk\/wp-json\/wp\/v2\/product\/8376","targetHints":{"allow":["GET"]}}],"collection":[{"href":"https:\/\/www.promotio.sk\/sk\/wp-json\/wp\/v2\/product"}],"about":[{"href":"https:\/\/www.promotio.sk\/sk\/wp-json\/wp\/v2\/types\/product"}],"replies":[{"embeddable":true,"href":"https:\/\/www.promotio.sk\/sk\/wp-json\/wp\/v2\/comments?post=8376"}],"wp:featuredmedia":[{"embeddable":true,"href":"https:\/\/www.promotio.sk\/sk\/wp-json\/wp\/v2\/media\/8377"}],"wp:attachment":[{"href":"https:\/\/www.promotio.sk\/sk\/wp-json\/wp\/v2\/media?parent=8376"}],"wp:term":[{"taxonomy":"product_cat","embeddable":true,"href":"https:\/\/www.promotio.sk\/sk\/wp-json\/wp\/v2\/product_cat?post=8376"},{"taxonomy":"product_tag","embeddable":true,"href":"https:\/\/www.promotio.sk\/sk\/wp-json\/wp\/v2\/product_tag?post=8376"}],"curies":[{"name":"wp","href":"https:\/\/api.w.org\/{rel}","templated":true}]}}