{"id":8357,"date":"2024-03-06T18:54:30","date_gmt":"2024-03-06T17:54:30","guid":{"rendered":"https:\/\/www.promotio.sk\/shop\/uncategorized\/penta\/"},"modified":"2024-03-06T18:55:54","modified_gmt":"2024-03-06T17:55:54","slug":"penta","status":"publish","type":"product","link":"https:\/\/www.promotio.sk\/sk\/shop\/promo-items\/writing_office\/pens\/penta\/","title":{"rendered":"PENTA"},"content":{"rendered":"<p>Gu\u013e\u00f4\u010dkov\u00e9 pero v matnom preveden\u00ed s bambusov\u00fdm \u00fachopom a tmav\u00fdmi farebn\u00fdmi detailmi. Modr\u00fd atrament.<br \/>Zlo\u017eenie: Bamb\u00fa<br \/>Pozn\u00e1mky: Tinta azul.<\/p>","protected":false},"excerpt":{"rendered":"<p>Ball pen in matt finish with bamboo grip and dark colour details. Blue ink.Composition: Bamb\u00faRemarks: Tinta azul.<\/p>","protected":false},"featured_media":8358,"comment_status":"open","ping_status":"closed","template":"","meta":[],"product_cat":[205,39],"product_tag":[],"class_list":{"0":"post-8357","1":"product","2":"type-product","3":"status-publish","4":"has-post-thumbnail","6":"product_cat-pens","7":"product_cat-writing_office","9":"first","10":"instock","11":"shipping-taxable","12":"purchasable","13":"product-type-variable"},"_links":{"self":[{"href":"https:\/\/www.promotio.sk\/sk\/wp-json\/wp\/v2\/product\/8357","targetHints":{"allow":["GET"]}}],"collection":[{"href":"https:\/\/www.promotio.sk\/sk\/wp-json\/wp\/v2\/product"}],"about":[{"href":"https:\/\/www.promotio.sk\/sk\/wp-json\/wp\/v2\/types\/product"}],"replies":[{"embeddable":true,"href":"https:\/\/www.promotio.sk\/sk\/wp-json\/wp\/v2\/comments?post=8357"}],"wp:featuredmedia":[{"embeddable":true,"href":"https:\/\/www.promotio.sk\/sk\/wp-json\/wp\/v2\/media\/8358"}],"wp:attachment":[{"href":"https:\/\/www.promotio.sk\/sk\/wp-json\/wp\/v2\/media?parent=8357"}],"wp:term":[{"taxonomy":"product_cat","embeddable":true,"href":"https:\/\/www.promotio.sk\/sk\/wp-json\/wp\/v2\/product_cat?post=8357"},{"taxonomy":"product_tag","embeddable":true,"href":"https:\/\/www.promotio.sk\/sk\/wp-json\/wp\/v2\/product_tag?post=8357"}],"curies":[{"name":"wp","href":"https:\/\/api.w.org\/{rel}","templated":true}]}}